{"id":2174,"date":"2023-10-09T15:29:30","date_gmt":"2023-10-09T18:29:30","guid":{"rendered":"https:\/\/esem.org.br\/?page_id=2174"},"modified":"2023-11-16T17:51:06","modified_gmt":"2023-11-16T20:51:06","slug":"o-controle-dos-insumos-agricolas-ilegais-no-brasil-lancamento-do-programa-de-treinamento-croplife-usp-2024-45","status":"publish","type":"page","link":"https:\/\/esem.org.br\/en\/o-controle-dos-insumos-agricolas-ilegais-no-brasil-lancamento-do-programa-de-treinamento-croplife-usp-2024-45\/","title":{"rendered":"O Controle dos Insumos Agr\u00edcolas Ilegais no Brasil: Lan\u00e7amento do Programa de Treinamento CropLife -USP 2024-25"},"content":{"rendered":"\t\t<div data-elementor-type=\"wp-page\" data-elementor-id=\"2174\" class=\"elementor elementor-2174\" data-elementor-post-type=\"page\">\n\t\t\t\t\t\t<section class=\"elementor-section elementor-top-section elementor-element elementor-element-547277ee elementor-section-content-middle elementor-section-boxed elementor-section-height-default elementor-section-height-default\" data-id=\"547277ee\" data-element_type=\"section\" data-e-type=\"section\" data-settings=\"{&quot;background_background&quot;:&quot;classic&quot;,&quot;ekit_has_onepagescroll_dot&quot;:&quot;yes&quot;}\">\n\t\t\t\t\t\t\t<div class=\"elementor-background-overlay\"><\/div>\n\t\t\t\t\t\t\t<div class=\"elementor-container elementor-column-gap-default\">\n\t\t\t\t\t<div class=\"elementor-column elementor-col-100 elementor-top-column elementor-element elementor-element-2d652086\" data-id=\"2d652086\" data-element_type=\"column\" data-e-type=\"column\">\n\t\t\t<div class=\"elementor-widget-wrap elementor-element-populated\">\n\t\t\t\t\t\t<div class=\"elementor-element elementor-element-782c067 elementor-widget__width-initial elementor-widget elementor-widget-heading\" data-id=\"782c067\" data-element_type=\"widget\" data-e-type=\"widget\" data-settings=\"{&quot;ekit_we_effect_on&quot;:&quot;none&quot;}\" data-widget_type=\"heading.default\">\n\t\t\t\t<div class=\"elementor-widget-container\">\n\t\t\t\t\t<h2 class=\"elementor-heading-title elementor-size-default\">Controle e Fiscaliza\u00e7\u00e3o de Insumos Agr\u00edcolas Ilegais&nbsp;no&nbsp;Brasil: Lan\u00e7amento do Programa de Treinamento CropLife - USP 2024-25<\/h2>\t\t\t\t<\/div>\n\t\t\t\t<\/div>\n\t\t\t\t\t<\/div>\n\t\t<\/div>\n\t\t\t\t\t<\/div>\n\t\t<\/section>\n\t\t\t\t<section class=\"elementor-section elementor-top-section elementor-element elementor-element-7ce4c034 elementor-section-height-min-height elementor-section-boxed elementor-section-height-default elementor-section-items-middle\" data-id=\"7ce4c034\" data-element_type=\"section\" data-e-type=\"section\" data-settings=\"{&quot;ekit_has_onepagescroll_dot&quot;:&quot;yes&quot;}\">\n\t\t\t\t\t\t<div class=\"elementor-container elementor-column-gap-default\">\n\t\t\t\t\t<div class=\"elementor-column elementor-col-100 elementor-top-column elementor-element elementor-element-65c82df\" data-id=\"65c82df\" data-element_type=\"column\" data-e-type=\"column\">\n\t\t\t<div class=\"elementor-widget-wrap elementor-element-populated\">\n\t\t\t\t\t\t<div class=\"elementor-element elementor-element-799a9659 elementor-widget elementor-widget-heading\" data-id=\"799a9659\" data-element_type=\"widget\" data-e-type=\"widget\" data-settings=\"{&quot;ekit_we_effect_on&quot;:&quot;none&quot;}\" data-widget_type=\"heading.default\">\n\t\t\t\t<div class=\"elementor-widget-container\">\n\t\t\t\t\t<h2 class=\"elementor-heading-title elementor-size-default\">Controle e Fiscaliza\u00e7\u00e3o de Insumos Agr\u00edcolas Ilegais&nbsp;no&nbsp;Brasil: Lan\u00e7amento do Programa de Treinamento CropLife - USP 2024-25<\/h2>\t\t\t\t<\/div>\n\t\t\t\t<\/div>\n\t\t\t\t\t<\/div>\n\t\t<\/div>\n\t\t\t\t\t<\/div>\n\t\t<\/section>\n\t\t\t\t<section class=\"elementor-section elementor-top-section elementor-element elementor-element-1522445 elementor-section-boxed elementor-section-height-default elementor-section-height-default\" data-id=\"1522445\" data-element_type=\"section\" data-e-type=\"section\" data-settings=\"{&quot;ekit_has_onepagescroll_dot&quot;:&quot;yes&quot;}\">\n\t\t\t\t\t\t<div class=\"elementor-container elementor-column-gap-default\">\n\t\t\t\t\t<div class=\"elementor-column elementor-col-100 elementor-top-column elementor-element elementor-element-98d2bb1\" data-id=\"98d2bb1\" data-element_type=\"column\" data-e-type=\"column\">\n\t\t\t<div class=\"elementor-widget-wrap elementor-element-populated\">\n\t\t\t\t\t\t<div class=\"elementor-element elementor-element-b858b45 elementor-widget elementor-widget-text-editor\" data-id=\"b858b45\" data-element_type=\"widget\" data-e-type=\"widget\" data-settings=\"{&quot;ekit_we_effect_on&quot;:&quot;none&quot;}\" data-widget_type=\"text-editor.default\">\n\t\t\t\t<div class=\"elementor-widget-container\">\n\t\t\t\t\t\t\t\t\t<h4>A <strong>Escola de Seguran\u00e7a Multidimensional do Instituto de Rela\u00e7\u00f5es Internacionais da USP <\/strong>em parceria com a<strong> ESALQ da USP <\/strong>est\u00e3o organizando um semin\u00e1rio com o objetivo de celebrar o encerramento do primeiro ano do Programa de Treinamento sobre Insumos Agr\u00edcolas Ilegais, apoiado pela CropLife Brasil. Este programa possibilitou a organiza\u00e7\u00e3o e oferta de quatro cursos de extens\u00e3o acad\u00eamica ao longo de 2023 voltados \u00e0 tem\u00e1tica dos insumos agr\u00edcolas ilegais. Esses cursos abordaram diferentes aspectos do problema, como a fiscaliza\u00e7\u00e3o, o policiamento ostensivo de rodovias e a investiga\u00e7\u00e3o voltadas ao controle dessas atividades il\u00edcitas. Nosso objetivo com este evento \u00e9 n\u00e3o apenas apresentar e celebrar os cursos realizados em 2023, mas tamb\u00e9m anunciar a continua\u00e7\u00e3o do Programa de Treinamento sobre Insumos Agr\u00edcolas Ilegais com o apoio da CropLife Brasil, garantindo mais um ciclo de treinamento nos pr\u00f3ximos dois anos. A palestra ser\u00e1 conduzida pelo Prof. Jos\u00e9 Otavio Menten que ir\u00e1 explorar a relev\u00e2ncia dos defensivos agr\u00edcolas na agricultura brasileira. Na segunda parte do programa teremos um debate sobre o tema dos insumos agr\u00edcolas ilegais com a participa\u00e7\u00e3o de representantes do Minist\u00e9rio P\u00fablico, Pol\u00edcia Civil de S\u00e3o Paulo, Pol\u00edcia Militar e Minist\u00e9rio da Agricultura.<\/h4>\n<div>&nbsp;<\/div>\n<div>&nbsp;<\/div>\n<h4><strong>Data: 30 de novembro de 2023<\/strong><\/h4>\n<h4><strong>Hor\u00e1rio: 15h&nbsp; (GMT-3)&nbsp;<\/strong><\/h4>\n<h4><strong>Endere\u00e7o:&nbsp;<\/strong>anfiteatro do Pavilh\u00e3o de Engenharia<\/h4><h4>Acesso pela entrada da ESALQ ou pela Av. P\u00e1dua Dias, 11, Piracicaba SP.<\/h4><div data-block=\"true\" data-editor=\"dob3g\" data-offset-key=\"7pntp-0-0\" style=\"color: rgb(28, 43, 51); font-family: -apple-system, BlinkMacSystemFont, &quot;Segoe UI&quot;, Roboto, Helvetica, Arial, sans-serif, &quot;Apple Color Emoji&quot;, &quot;Segoe UI Emoji&quot;, &quot;Segoe UI Symbol&quot;; font-size: 14px; text-align: start; white-space-collapse: preserve;\"><div data-offset-key=\"7pntp-0-0\" style=\"position: relative; direction: ltr;\"><br><\/div><\/div>\n<div><strong>&nbsp;<\/strong><\/div>\n<div><strong>&nbsp;<\/strong><\/div>\n<h4><strong>Programa\u00e7\u00e3o:<\/strong><\/h4>\n<h4>15:00 &#8211; 15:10 &#8211; Abertura do Semin\u00e1rio<\/h4>\n<h4>Com a presen\u00e7a do presidente da CropLife Brasil, Eduardo Le\u00e3o e do Prof Leandro Piquet Carneiro Coordenador da ESEM -USP.<\/h4>\n<div>&nbsp;<\/div>\n<h4>15:10 &#8211; 16:30 &#8211; Aula Magna: &#8220;A Import\u00e2ncia dos Defensivos Agr\u00edcolas na Agricultura Brasileira&#8221;<\/h4>\n<h4>Conferencista: Prof. Jos\u00e9 Ot\u00e1vio Menten<\/h4>\n<h4>Seguido de um breve per\u00edodo de debate.<\/h4>\n<div>&nbsp;<\/div>\n<h4>16:30 &#8211; 16:45 &#8211; Intervalo<\/h4>\n<div>&nbsp;<\/div>\n<h4>16:45 &#8211; 18:30 &#8211; Debate: &#8220;Insumos Agr\u00edcolas Ilegais: Desafios e Perspectivas&#8221;<\/h4>\n<h4>Mediador: Eduardo Le\u00e3o Presidente da CropLife Brasil<\/h4>\n<div>&nbsp;<\/div>\n<h4>18:30 &#8211; 18:45 &#8211; Encerramento<\/h4>\t\t\t\t\t\t\t\t<\/div>\n\t\t\t\t<\/div>\n\t\t\t\t\t<\/div>\n\t\t<\/div>\n\t\t\t\t\t<\/div>\n\t\t<\/section>\n\t\t\t\t<section class=\"elementor-section elementor-top-section elementor-element elementor-element-38d93f7 elementor-section-boxed elementor-section-height-default elementor-section-height-default\" data-id=\"38d93f7\" data-element_type=\"section\" data-e-type=\"section\" data-settings=\"{&quot;ekit_has_onepagescroll_dot&quot;:&quot;yes&quot;}\">\n\t\t\t\t\t\t<div class=\"elementor-container elementor-column-gap-default\">\n\t\t\t\t\t<div class=\"elementor-column elementor-col-100 elementor-top-column elementor-element elementor-element-e54220e\" data-id=\"e54220e\" data-element_type=\"column\" data-e-type=\"column\">\n\t\t\t<div class=\"elementor-widget-wrap elementor-element-populated\">\n\t\t\t\t\t\t<div class=\"elementor-element elementor-element-fe78507 eael-gravity-form-button-custom elementor-widget elementor-widget-eael-gravity-form\" data-id=\"fe78507\" data-element_type=\"widget\" data-e-type=\"widget\" data-settings=\"{&quot;ekit_we_effect_on&quot;:&quot;none&quot;}\" data-widget_type=\"eael-gravity-form.default\">\n\t\t\t\t<div class=\"elementor-widget-container\">\n\t\t\t\t\t\t\t\t<div class=\"eael-contact-form eael-gravity-form eael-contact-form-align-default\">\n\t\t        \t\t\t<\/div>\n\n            <script type=\"text\/javascript\">\n                var gf_global = {\"gf_currency_config\":{\"name\":\"U.S. Dollar\",\"symbol_left\":\"$\",\"symbol_right\":\"\",\"symbol_padding\":\"\",\"thousand_separator\":\",\",\"decimal_separator\":\".\",\"decimals\":2,\"code\":\"USD\"},\"base_url\":\"https:\\\/\\\/esem.org.br\\\/wp-content\\\/plugins\\\/gravityforms\",\"number_formats\":[],\"spinnerUrl\":\"https:\\\/\\\/esem.org.br\\\/wp-content\\\/plugins\\\/gravityforms\\\/images\\\/spinner.svg\",\"strings\":{\"newRowAdded\":\"New row added.\",\"rowRemoved\":\"Row removed\",\"formSaved\":\"The form has been saved.  The content contains the link to return and complete the form.\"}};\t\t\t\tvar gf_vars = {\"active\":\"Active\",\"inactive\":\"Inactive\",\"save\":\"Save\",\"update\":\"Update\",\"previousLabel\":\"Previous\",\"selectFormat\":\"Select a format\",\"column\":\"Column\",\"editToViewAll\":\"5 of %d items shown. Edit field to view all\",\"selectAll\":\"Select All\",\"enterValue\":\"Enter a value\",\"formTitle\":\"Untitled Form\",\"formDescription\":\"We would love to hear from you! Please fill out this form and we will get in touch with you shortly.\",\"formConfirmationMessage\":\"Thanks for contacting us! We will get in touch with you shortly.\",\"buttonText\":\"Submit\",\"buttonDescription\":\"The submit button for this form\",\"loading\":\"Loading...\",\"thisFieldIf\":\"this field if\",\"thisSectionIf\":\"this section if\",\"thisPage\":\"this page if\",\"thisFormButton\":\"this form button if\",\"show\":\"Show\",\"hide\":\"Hide\",\"enable\":\"Enable\",\"disable\":\"Disable\",\"enabled\":\"Enabled\",\"disabled\":\"Disabled\",\"configure\":\"Configure\",\"conditional_logic_text\":\"Conditional Logic\",\"conditional_logic_desc\":\"Conditional logic allows you to change what the user sees depending on the fields they select.\",\"conditional_logic_a11y\":\"Adding conditional logic to the form submit button could cause usability problems for some users and negatively impact the accessibility of your form. Learn more about button conditional logic in our <a href=\\\"https:\\\/\\\/docs.gravityforms.com\\\/field-accessibility-warning\\\/\\\" target=\\\"_blank\\\" rel=\\\"noopener\\\">documentation<\\\/a>.\",\"page\":\"Page\",\"next_button\":\"Next Button\",\"button\":\"Submit Button\",\"all\":\"All\",\"any\":\"Any\",\"ofTheFollowingMatch\":\"of the following match:\",\"is\":\"is\",\"isNot\":\"is not\",\"greaterThan\":\"greater than\",\"lessThan\":\"less than\",\"contains\":\"contains\",\"startsWith\":\"starts with\",\"endsWith\":\"ends with\",\"emptyChoice\":\"Empty (no choices selected)\",\"alertLegacyMode\":\"This form has legacy markup enabled and doesn\\u2019t support field resizing within the editor. Please disable legacy markup in the form settings to enable live resizing.\",\"thisConfirmation\":\"Use this confirmation if\",\"thisNotification\":\"Send this notification if\",\"confirmationSave\":\"Save\",\"confirmationSaving\":\"Saving...\",\"confirmationAreYouSure\":\"Are you sure you wish to cancel these changes?\",\"confirmationIssueSaving\":\"There was an issue saving this confirmation.\",\"confirmationConfirmDelete\":\"Are you sure you wish to delete this confirmation?\",\"confirmationIssueDeleting\":\"There was an issue deleting this confirmation.\",\"confirmationConfirmDiscard\":\"There are unsaved changes to the current confirmation. Would you like to discard these changes?\",\"confirmationDefaultName\":\"Untitled Confirmation\",\"confirmationDefaultMessage\":\"Thanks for contacting us! We will get in touch with you shortly.\",\"confirmationInvalidPageSelection\":\"Please select a page.\",\"confirmationInvalidRedirect\":\"Please enter a URL.\",\"confirmationInvalidName\":\"Please enter a confirmation name.\",\"confirmationDeleteField\":\"Warning! Deleting this field will also delete all entry data associated with it. 'Cancel' to stop. 'OK' to delete.\",\"conditionalLogicDependency\":\"Warning! This form contains conditional logic dependent upon this field. Deleting this field will deactivate those conditional logic rules and also delete all entry data associated with the field. 'OK' to delete, 'Cancel' to abort.\",\"conditionalLogicDependencyChoice\":\"This form contains conditional logic dependent upon this choice. Are you sure you want to delete this choice? 'OK' to delete, 'Cancel' to abort.\",\"conditionalLogicDependencyChoiceEdit\":\"This form contains conditional logic dependent upon this choice. Are you sure you want to modify this choice? 'OK' to delete, 'Cancel' to abort.\",\"conditionalLogicDependencyAdminOnly\":\"This form contains conditional logic dependent upon this field. Are you sure you want to mark this field as Admin Only? 'OK' to confirm, 'Cancel' to abort.\",\"mergeTagsText\":\"Insert Merge Tags\",\"baseUrl\":\"https:\\\/\\\/esem.org.br\\\/wp-content\\\/plugins\\\/gravityforms\",\"gf_currency_config\":{\"name\":\"U.S. Dollar\",\"symbol_left\":\"$\",\"symbol_right\":\"\",\"symbol_padding\":\"\",\"thousand_separator\":\",\",\"decimal_separator\":\".\",\"decimals\":2,\"code\":\"USD\"},\"otherChoiceValue\":\"Other\",\"isFormTrash\":false,\"currentlyAddingField\":false,\"visibilityOptions\":[{\"label\":\"Visible\",\"value\":\"visible\",\"description\":\"Default option. The field is visible when viewing the form.\"},{\"label\":\"Hidden\",\"value\":\"hidden\",\"description\":\"The field is hidden when viewing the form. Useful when you require the functionality of this field but do not want the user to be able to see this field.\"},{\"label\":\"Administrative\",\"value\":\"administrative\",\"description\":\"The field is only visible when administering submitted entries. The field is not visible or functional when viewing the form.\"}],\"addFieldFilter\":\"Add a condition\",\"removeFieldFilter\":\"Remove a condition\",\"filterAndAny\":\"{0} of the following match:\",\"customChoices\":\"Custom Choices\",\"predefinedChoices\":\"Predefined Choices\",\"fieldLabelAriaLabel\":\"{field_label} - {field_type}, jump to this field&#039;s settings\",\"nameFieldDefaultPrefixes\":[{\"text\":\"Dr.\",\"value\":\"Dr.\"},{\"text\":\"Miss\",\"value\":\"Miss\"},{\"text\":\"Mr.\",\"value\":\"Mr.\"},{\"text\":\"Mrs.\",\"value\":\"Mrs.\"},{\"text\":\"Ms.\",\"value\":\"Ms.\"},{\"text\":\"Mx.\",\"value\":\"Mx.\"},{\"text\":\"Prof.\",\"value\":\"Prof.\"},{\"text\":\"Rev.\",\"value\":\"Rev.\"}]};\t\t\t<\/script>\n            \t\t\t\t<\/div>\n\t\t\t\t<\/div>\n\t\t\t\t\t<\/div>\n\t\t<\/div>\n\t\t\t\t\t<\/div>\n\t\t<\/section>\n\t\t\t\t<section class=\"elementor-section elementor-top-section elementor-element elementor-element-4b8490f elementor-section-boxed elementor-section-height-default elementor-section-height-default\" data-id=\"4b8490f\" data-element_type=\"section\" data-e-type=\"section\" data-settings=\"{&quot;ekit_has_onepagescroll_dot&quot;:&quot;yes&quot;}\">\n\t\t\t\t\t\t<div class=\"elementor-container elementor-column-gap-default\">\n\t\t\t\t\t<div class=\"elementor-column elementor-col-100 elementor-top-column elementor-element elementor-element-e03815a\" data-id=\"e03815a\" data-element_type=\"column\" data-e-type=\"column\">\n\t\t\t<div class=\"elementor-widget-wrap\">\n\t\t\t\t\t\t\t<\/div>\n\t\t<\/div>\n\t\t\t\t\t<\/div>\n\t\t<\/section>\n\t\t\t\t<\/div>\n\t\t","protected":false},"excerpt":{"rendered":"<p>Controle e Fiscaliza\u00e7\u00e3o de Insumos Agr\u00edcolas Ilegais&nbsp;no&nbsp;Brasil: Lan\u00e7amento do Programa de Treinamento CropLife &#8211; USP 2024-25 Controle e Fiscaliza\u00e7\u00e3o de Insumos Agr\u00edcolas Ilegais&nbsp;no&nbsp;Brasil: Lan\u00e7amento do Programa de Treinamento CropLife &#8211; USP 2024-25 A Escola de Seguran\u00e7a Multidimensional do Instituto de Rela\u00e7\u00f5es Internacionais da USP em parceria com a ESALQ da USP est\u00e3o organizando um semin\u00e1rio [&hellip;]<\/p>\n","protected":false},"author":2,"featured_media":0,"parent":0,"menu_order":0,"comment_status":"closed","ping_status":"closed","template":"elementor_header_footer","meta":{"footnotes":""},"class_list":["post-2174","page","type-page","status-publish","hentry"],"yoast_head":"<!-- This site is optimized with the Yoast SEO plugin v27.5 - https:\/\/yoast.com\/product\/yoast-seo-wordpress\/ -->\n<title>O Controle dos Insumos Agr\u00edcolas Ilegais no Brasil: Lan\u00e7amento do Programa de Treinamento CropLife -USP 2024-25 - ESEM<\/title>\n<meta name=\"robots\" content=\"index, follow, max-snippet:-1, max-image-preview:large, max-video-preview:-1\" \/>\n<link rel=\"canonical\" href=\"https:\/\/esem.org.br\/en\/o-controle-dos-insumos-agricolas-ilegais-no-brasil-lancamento-do-programa-de-treinamento-croplife-usp-2024-45\/\" \/>\n<meta property=\"og:locale\" content=\"en_US\" \/>\n<meta property=\"og:type\" content=\"article\" \/>\n<meta property=\"og:title\" content=\"O Controle dos Insumos Agr\u00edcolas Ilegais no Brasil: Lan\u00e7amento do Programa de Treinamento CropLife -USP 2024-25 - ESEM\" \/>\n<meta property=\"og:description\" content=\"Controle e Fiscaliza\u00e7\u00e3o de Insumos Agr\u00edcolas Ilegais&nbsp;no&nbsp;Brasil: Lan\u00e7amento do Programa de Treinamento CropLife &#8211; USP 2024-25 Controle e Fiscaliza\u00e7\u00e3o de Insumos Agr\u00edcolas Ilegais&nbsp;no&nbsp;Brasil: Lan\u00e7amento do Programa de Treinamento CropLife &#8211; USP 2024-25 A Escola de Seguran\u00e7a Multidimensional do Instituto de Rela\u00e7\u00f5es Internacionais da USP em parceria com a ESALQ da USP est\u00e3o organizando um semin\u00e1rio [&hellip;]\" \/>\n<meta property=\"og:url\" content=\"https:\/\/esem.org.br\/en\/o-controle-dos-insumos-agricolas-ilegais-no-brasil-lancamento-do-programa-de-treinamento-croplife-usp-2024-45\/\" \/>\n<meta property=\"og:site_name\" content=\"ESEM\" \/>\n<meta property=\"article:modified_time\" content=\"2023-11-16T20:51:06+00:00\" \/>\n<meta name=\"twitter:card\" content=\"summary_large_image\" \/>\n<meta name=\"twitter:label1\" content=\"Est. reading time\" \/>\n\t<meta name=\"twitter:data1\" content=\"2 minutes\" \/>\n<script type=\"application\/ld+json\" class=\"yoast-schema-graph\">{\"@context\":\"https:\\\/\\\/schema.org\",\"@graph\":[{\"@type\":\"WebPage\",\"@id\":\"https:\\\/\\\/esem.org.br\\\/o-controle-dos-insumos-agricolas-ilegais-no-brasil-lancamento-do-programa-de-treinamento-croplife-usp-2024-45\\\/\",\"url\":\"https:\\\/\\\/esem.org.br\\\/o-controle-dos-insumos-agricolas-ilegais-no-brasil-lancamento-do-programa-de-treinamento-croplife-usp-2024-45\\\/\",\"name\":\"O Controle dos Insumos Agr\u00edcolas Ilegais no Brasil: Lan\u00e7amento do Programa de Treinamento CropLife -USP 2024-25 - ESEM\",\"isPartOf\":{\"@id\":\"https:\\\/\\\/esem.org.br\\\/pt\\\/#website\"},\"datePublished\":\"2023-10-09T18:29:30+00:00\",\"dateModified\":\"2023-11-16T20:51:06+00:00\",\"breadcrumb\":{\"@id\":\"https:\\\/\\\/esem.org.br\\\/o-controle-dos-insumos-agricolas-ilegais-no-brasil-lancamento-do-programa-de-treinamento-croplife-usp-2024-45\\\/#breadcrumb\"},\"inLanguage\":\"en-US\",\"potentialAction\":[{\"@type\":\"ReadAction\",\"target\":[\"https:\\\/\\\/esem.org.br\\\/o-controle-dos-insumos-agricolas-ilegais-no-brasil-lancamento-do-programa-de-treinamento-croplife-usp-2024-45\\\/\"]}]},{\"@type\":\"BreadcrumbList\",\"@id\":\"https:\\\/\\\/esem.org.br\\\/o-controle-dos-insumos-agricolas-ilegais-no-brasil-lancamento-do-programa-de-treinamento-croplife-usp-2024-45\\\/#breadcrumb\",\"itemListElement\":[{\"@type\":\"ListItem\",\"position\":1,\"name\":\"In\u00edcio\",\"item\":\"https:\\\/\\\/esem.org.br\\\/\"},{\"@type\":\"ListItem\",\"position\":2,\"name\":\"O Controle dos Insumos Agr\u00edcolas Ilegais no Brasil: Lan\u00e7amento do Programa de Treinamento CropLife -USP 2024-25\"}]},{\"@type\":\"WebSite\",\"@id\":\"https:\\\/\\\/esem.org.br\\\/pt\\\/#website\",\"url\":\"https:\\\/\\\/esem.org.br\\\/pt\\\/\",\"name\":\"ESEM Escola de Seguran\u00e7a Multidimensional\",\"description\":\"Escola de Seguran\u00e7a Multidimensional\",\"publisher\":{\"@id\":\"https:\\\/\\\/esem.org.br\\\/pt\\\/#organization\"},\"potentialAction\":[{\"@type\":\"SearchAction\",\"target\":{\"@type\":\"EntryPoint\",\"urlTemplate\":\"https:\\\/\\\/esem.org.br\\\/pt\\\/?s={search_term_string}\"},\"query-input\":{\"@type\":\"PropertyValueSpecification\",\"valueRequired\":true,\"valueName\":\"search_term_string\"}}],\"inLanguage\":\"en-US\"},{\"@type\":\"Organization\",\"@id\":\"https:\\\/\\\/esem.org.br\\\/pt\\\/#organization\",\"name\":\"ESEM Escola de Seguran\u00e7a Multidimensional\",\"url\":\"https:\\\/\\\/esem.org.br\\\/pt\\\/\",\"logo\":{\"@type\":\"ImageObject\",\"inLanguage\":\"en-US\",\"@id\":\"https:\\\/\\\/esem.org.br\\\/pt\\\/#\\\/schema\\\/logo\\\/image\\\/\",\"url\":\"https:\\\/\\\/esem.org.br\\\/wp-content\\\/uploads\\\/2022\\\/09\\\/Copia-de-WhatsApp-Image-2021-05-24-at-17.04.17-e1663853541820.jpeg\",\"contentUrl\":\"https:\\\/\\\/esem.org.br\\\/wp-content\\\/uploads\\\/2022\\\/09\\\/Copia-de-WhatsApp-Image-2021-05-24-at-17.04.17-e1663853541820.jpeg\",\"width\":739,\"height\":966,\"caption\":\"ESEM Escola de Seguran\u00e7a Multidimensional\"},\"image\":{\"@id\":\"https:\\\/\\\/esem.org.br\\\/pt\\\/#\\\/schema\\\/logo\\\/image\\\/\"}}]}<\/script>\n<!-- \/ Yoast SEO plugin. -->","yoast_head_json":{"title":"O Controle dos Insumos Agr\u00edcolas Ilegais no Brasil: Lan\u00e7amento do Programa de Treinamento CropLife -USP 2024-25 - ESEM","robots":{"index":"index","follow":"follow","max-snippet":"max-snippet:-1","max-image-preview":"max-image-preview:large","max-video-preview":"max-video-preview:-1"},"canonical":"https:\/\/esem.org.br\/en\/o-controle-dos-insumos-agricolas-ilegais-no-brasil-lancamento-do-programa-de-treinamento-croplife-usp-2024-45\/","og_locale":"en_US","og_type":"article","og_title":"O Controle dos Insumos Agr\u00edcolas Ilegais no Brasil: Lan\u00e7amento do Programa de Treinamento CropLife -USP 2024-25 - ESEM","og_description":"Controle e Fiscaliza\u00e7\u00e3o de Insumos Agr\u00edcolas Ilegais&nbsp;no&nbsp;Brasil: Lan\u00e7amento do Programa de Treinamento CropLife &#8211; USP 2024-25 Controle e Fiscaliza\u00e7\u00e3o de Insumos Agr\u00edcolas Ilegais&nbsp;no&nbsp;Brasil: Lan\u00e7amento do Programa de Treinamento CropLife &#8211; USP 2024-25 A Escola de Seguran\u00e7a Multidimensional do Instituto de Rela\u00e7\u00f5es Internacionais da USP em parceria com a ESALQ da USP est\u00e3o organizando um semin\u00e1rio [&hellip;]","og_url":"https:\/\/esem.org.br\/en\/o-controle-dos-insumos-agricolas-ilegais-no-brasil-lancamento-do-programa-de-treinamento-croplife-usp-2024-45\/","og_site_name":"ESEM","article_modified_time":"2023-11-16T20:51:06+00:00","twitter_card":"summary_large_image","twitter_misc":{"Est. reading time":"2 minutes"},"schema":{"@context":"https:\/\/schema.org","@graph":[{"@type":"WebPage","@id":"https:\/\/esem.org.br\/o-controle-dos-insumos-agricolas-ilegais-no-brasil-lancamento-do-programa-de-treinamento-croplife-usp-2024-45\/","url":"https:\/\/esem.org.br\/o-controle-dos-insumos-agricolas-ilegais-no-brasil-lancamento-do-programa-de-treinamento-croplife-usp-2024-45\/","name":"O Controle dos Insumos Agr\u00edcolas Ilegais no Brasil: Lan\u00e7amento do Programa de Treinamento CropLife -USP 2024-25 - ESEM","isPartOf":{"@id":"https:\/\/esem.org.br\/pt\/#website"},"datePublished":"2023-10-09T18:29:30+00:00","dateModified":"2023-11-16T20:51:06+00:00","breadcrumb":{"@id":"https:\/\/esem.org.br\/o-controle-dos-insumos-agricolas-ilegais-no-brasil-lancamento-do-programa-de-treinamento-croplife-usp-2024-45\/#breadcrumb"},"inLanguage":"en-US","potentialAction":[{"@type":"ReadAction","target":["https:\/\/esem.org.br\/o-controle-dos-insumos-agricolas-ilegais-no-brasil-lancamento-do-programa-de-treinamento-croplife-usp-2024-45\/"]}]},{"@type":"BreadcrumbList","@id":"https:\/\/esem.org.br\/o-controle-dos-insumos-agricolas-ilegais-no-brasil-lancamento-do-programa-de-treinamento-croplife-usp-2024-45\/#breadcrumb","itemListElement":[{"@type":"ListItem","position":1,"name":"In\u00edcio","item":"https:\/\/esem.org.br\/"},{"@type":"ListItem","position":2,"name":"O Controle dos Insumos Agr\u00edcolas Ilegais no Brasil: Lan\u00e7amento do Programa de Treinamento CropLife -USP 2024-25"}]},{"@type":"WebSite","@id":"https:\/\/esem.org.br\/pt\/#website","url":"https:\/\/esem.org.br\/pt\/","name":"ESEM Escola de Seguran\u00e7a Multidimensional","description":"School of Multidimensional Security","publisher":{"@id":"https:\/\/esem.org.br\/pt\/#organization"},"potentialAction":[{"@type":"SearchAction","target":{"@type":"EntryPoint","urlTemplate":"https:\/\/esem.org.br\/pt\/?s={search_term_string}"},"query-input":{"@type":"PropertyValueSpecification","valueRequired":true,"valueName":"search_term_string"}}],"inLanguage":"en-US"},{"@type":"Organization","@id":"https:\/\/esem.org.br\/pt\/#organization","name":"ESEM Escola de Seguran\u00e7a Multidimensional","url":"https:\/\/esem.org.br\/pt\/","logo":{"@type":"ImageObject","inLanguage":"en-US","@id":"https:\/\/esem.org.br\/pt\/#\/schema\/logo\/image\/","url":"https:\/\/esem.org.br\/wp-content\/uploads\/2022\/09\/Copia-de-WhatsApp-Image-2021-05-24-at-17.04.17-e1663853541820.jpeg","contentUrl":"https:\/\/esem.org.br\/wp-content\/uploads\/2022\/09\/Copia-de-WhatsApp-Image-2021-05-24-at-17.04.17-e1663853541820.jpeg","width":739,"height":966,"caption":"ESEM Escola de Seguran\u00e7a Multidimensional"},"image":{"@id":"https:\/\/esem.org.br\/pt\/#\/schema\/logo\/image\/"}}]}},"_links":{"self":[{"href":"https:\/\/esem.org.br\/en\/wp-json\/wp\/v2\/pages\/2174","targetHints":{"allow":["GET"]}}],"collection":[{"href":"https:\/\/esem.org.br\/en\/wp-json\/wp\/v2\/pages"}],"about":[{"href":"https:\/\/esem.org.br\/en\/wp-json\/wp\/v2\/types\/page"}],"author":[{"embeddable":true,"href":"https:\/\/esem.org.br\/en\/wp-json\/wp\/v2\/users\/2"}],"replies":[{"embeddable":true,"href":"https:\/\/esem.org.br\/en\/wp-json\/wp\/v2\/comments?post=2174"}],"version-history":[{"count":39,"href":"https:\/\/esem.org.br\/en\/wp-json\/wp\/v2\/pages\/2174\/revisions"}],"predecessor-version":[{"id":2434,"href":"https:\/\/esem.org.br\/en\/wp-json\/wp\/v2\/pages\/2174\/revisions\/2434"}],"wp:attachment":[{"href":"https:\/\/esem.org.br\/en\/wp-json\/wp\/v2\/media?parent=2174"}],"curies":[{"name":"wp","href":"https:\/\/api.w.org\/{rel}","templated":true}]}}