{"id":5383,"date":"2026-02-06T16:22:11","date_gmt":"2026-02-06T19:22:11","guid":{"rendered":"https:\/\/esem.org.br\/?page_id=5383"},"modified":"2026-03-23T09:38:38","modified_gmt":"2026-03-23T12:38:38","slug":"esem-na-midia-lincoln-gakiya","status":"publish","type":"page","link":"https:\/\/esem.org.br\/en\/esem-na-midia-lincoln-gakiya\/","title":{"rendered":"ESEM na m\u00eddia &#8211; Lincoln Gakiya"},"content":{"rendered":"<div data-elementor-type=\"wp-page\" data-elementor-id=\"5383\" class=\"elementor elementor-5383\" data-elementor-post-type=\"page\">\n\t\t\t\t\t\t<section class=\"elementor-section elementor-top-section elementor-element elementor-element-547277ee elementor-section-content-middle elementor-section-boxed elementor-section-height-default elementor-section-height-default\" data-id=\"547277ee\" data-element_type=\"section\" data-e-type=\"section\" data-settings=\"{&quot;background_background&quot;:&quot;classic&quot;,&quot;ekit_has_onepagescroll_dot&quot;:&quot;yes&quot;}\">\n\t\t\t\t\t\t\t<div class=\"elementor-background-overlay\"><\/div>\n\t\t\t\t\t\t\t<div class=\"elementor-container elementor-column-gap-default\">\n\t\t\t\t\t<div class=\"elementor-column elementor-col-100 elementor-top-column elementor-element elementor-element-2d652086\" data-id=\"2d652086\" data-element_type=\"column\" data-e-type=\"column\">\n\t\t\t<div class=\"elementor-widget-wrap elementor-element-populated\">\n\t\t\t\t\t\t<div class=\"elementor-element elementor-element-782c067 elementor-widget__width-initial elementor-widget elementor-widget-heading\" data-id=\"782c067\" data-element_type=\"widget\" data-e-type=\"widget\" data-settings=\"{&quot;ekit_we_effect_on&quot;:&quot;none&quot;}\" data-widget_type=\"heading.default\">\n\t\t\t\t<div class=\"elementor-widget-container\">\n\t\t\t\t\t<h1 class=\"elementor-heading-title elementor-size-default\">ESEM na m\u00eddia- Lincoln Gakiya<\/h1>\t\t\t\t<\/div>\n\t\t\t\t<\/div>\n\t\t\t\t\t<\/div>\n\t\t<\/div>\n\t\t\t\t\t<\/div>\n\t\t<\/section>\n\t\t\t\t<section class=\"elementor-section elementor-top-section elementor-element elementor-element-7ce4c034 elementor-section-boxed elementor-section-height-default elementor-section-height-default\" data-id=\"7ce4c034\" data-element_type=\"section\" data-e-type=\"section\" data-settings=\"{&quot;ekit_has_onepagescroll_dot&quot;:&quot;yes&quot;}\">\n\t\t\t\t\t\t<div class=\"elementor-container elementor-column-gap-default\">\n\t\t\t\t\t<div class=\"elementor-column elementor-col-100 elementor-top-column elementor-element elementor-element-65c82df\" data-id=\"65c82df\" data-element_type=\"column\" data-e-type=\"column\">\n\t\t\t<div class=\"elementor-widget-wrap elementor-element-populated\">\n\t\t\t\t\t\t<section class=\"elementor-section elementor-inner-section elementor-element elementor-element-3e7beec elementor-section-boxed elementor-section-height-default elementor-section-height-default\" data-id=\"3e7beec\" data-element_type=\"section\" data-e-type=\"section\" data-settings=\"{&quot;ekit_has_onepagescroll_dot&quot;:&quot;yes&quot;}\">\n\t\t\t\t\t\t<div class=\"elementor-container elementor-column-gap-default\">\n\t\t\t\t\t<div class=\"elementor-column elementor-col-100 elementor-inner-column elementor-element elementor-element-c78fcce\" data-id=\"c78fcce\" data-element_type=\"column\" data-e-type=\"column\">\n\t\t\t<div class=\"elementor-widget-wrap\">\n\t\t\t\t\t\t\t<\/div>\n\t\t<\/div>\n\t\t\t\t\t<\/div>\n\t\t<\/section>\n\t\t\t\t<section class=\"elementor-section elementor-inner-section elementor-element elementor-element-c094d8f elementor-section-boxed elementor-section-height-default elementor-section-height-default\" data-id=\"c094d8f\" data-element_type=\"section\" data-e-type=\"section\" data-settings=\"{&quot;ekit_has_onepagescroll_dot&quot;:&quot;yes&quot;}\">\n\t\t\t\t\t\t<div class=\"elementor-container elementor-column-gap-default\">\n\t\t\t\t\t<div class=\"elementor-column elementor-col-100 elementor-inner-column elementor-element elementor-element-c5abd2b\" data-id=\"c5abd2b\" data-element_type=\"column\" data-e-type=\"column\">\n\t\t\t<div class=\"elementor-widget-wrap elementor-element-populated\">\n\t\t\t\t\t\t<div class=\"elementor-element elementor-element-04bf7bf elementor-widget elementor-widget-text-editor\" data-id=\"04bf7bf\" data-element_type=\"widget\" data-e-type=\"widget\" data-settings=\"{&quot;ekit_we_effect_on&quot;:&quot;none&quot;}\" data-widget_type=\"text-editor.default\">\n\t\t\t\t<div class=\"elementor-widget-container\">\n\t\t\t\t\t\t\t\t\t<p><strong>&#8220;<\/strong>PCC como grupo terrorista? Promotor alerta para risco ao Brasil&#8221; <strong>\u00a0(Lincoln Gakiya, Veja.com, 14.03.2026)<\/strong><\/p><p><a href=\"https:\/\/veja.abril.com.br\/politica\/pcc-como-grupo-terrorista-promotor-alerta-para-risco-ao-brasil\/\">https:\/\/veja.abril.com.br\/politica\/pcc-como-grupo-terrorista-promotor-alerta-para-risco-ao-brasil\/<\/a><\/p><hr \/><p><strong>&#8220;<\/strong>Pena antifac\u00e7\u00e3o \u00e9 maior do que para terrorismo, diz Gakiya sobre classifica\u00e7\u00e3o de fac\u00e7\u00f5es criminosas como terroristas&#8221; <strong>\u00a0(Lincoln Gakiya, <em>Globo<\/em>, 14.03.2026)<\/strong><\/p><p><a href=\"https:\/\/g1.globo.com\/sp\/presidente-prudente-e-regiao\/noticia\/2026\/03\/14\/pena-para-antifaccao-e-maior-do-que-para-terrorismo-diz-gakiya-sobre-classificacao-de-faccoes-criminosas-\">https:\/\/g1.globo.com\/sp\/presidente-prudente-e-regiao\/noticia\/2026\/03\/14\/pena-para-antifaccao-e-maior-do-que-para-terrorismo-diz-gakiya-sobre-classificacao-de-faccoes-criminosas-<\/a>como-terroristas.ghtml<\/p><hr \/><p><strong>&#8220;<\/strong>Promotor Gakiya critica proposta dos EUA sobre PCC e alerta para amea\u00e7a \u00e0 soberania nacional&#8221; <strong>\u00a0(Lincoln Gakiya, <em>Hora do Povo<\/em>, 18.02.2026)<\/strong><\/p><p><strong> <a href=\"https:\/\/horadopovo.com.br\/promotor-gakiya-critica-proposta-dos-eua-sobre-pcc-e-alerta-para-ameaca-a-soberania-nacional\/\">https:\/\/horadopovo.com.br\/promotor-gakiya-critica-proposta-dos-eua-sobre-pcc-e-alerta-para-ameaca-a-soberania-nacional\/<\/a><\/strong><\/p><hr \/><p><strong>&#8220;PCC e CV s\u00e3o organiza\u00e7\u00f5es mafiosas, mas n\u00e3o s\u00e3o terroristas&#8221;<\/strong><strong> (Lincoln Gakiya,UOL, 17.03.2026)<\/strong><\/p><p><a href=\"https:\/\/noticias.uol.com.br\/politica\/ultimas-noticias\/2026\/03\/17\/gakia-pcc-e-cv-sao-organizacoes-mafiosas-mas-nao-sao-terroristas.ghtm\">https:\/\/noticias.uol.com.br\/politica\/ultimas-noticias\/2026\/03\/17\/gakia-pcc-e-cv-sao-organizacoes-mafiosas-mas-nao-sao-terroristas.ghtm<\/a><\/p><div><hr \/><p><strong>&#8220;Seguran\u00e7a p\u00fablica sem improviso&#8221; (Lincoln Gakiya, <em>Estad\u00e3o<\/em>, 04.02.2026)<\/strong><\/p><p><a href=\"https:\/\/www.estadao.com.br\/opiniao\/seguranca-publica-sem-improviso\/?utm_source=estadao:app&amp;utm_medium=noticia:compartilhamento\">https:\/\/www.estadao.com.br\/opiniao\/seguranca-publica-sem-improviso\/?utm_source=estadao:app&amp;utm_medium=noticia:compartilhamento<\/a><\/p><hr \/><\/div>\t\t\t\t\t\t\t\t<\/div>\n\t\t\t\t<\/div>\n\t\t\t\t\t<\/div>\n\t\t<\/div>\n\t\t\t\t\t<\/div>\n\t\t<\/section>\n\t\t\t\t\t<\/div>\n\t\t<\/div>\n\t\t\t\t\t<\/div>\n\t\t<\/section>\n\t\t\t\t<\/div>","protected":false},"excerpt":{"rendered":"<p>ESEM na m\u00eddia- Lincoln Gakiya &#8220;PCC como grupo terrorista? Promotor alerta para risco ao Brasil&#8221; \u00a0(Lincoln Gakiya, Veja.com, 14.03.2026) https:\/\/veja.abril.com.br\/politica\/pcc-como-grupo-terrorista-promotor-alerta-para-risco-ao-brasil\/ &#8220;Pena antifac\u00e7\u00e3o \u00e9 maior do que para terrorismo, diz Gakiya sobre classifica\u00e7\u00e3o de fac\u00e7\u00f5es criminosas como terroristas&#8221; \u00a0(Lincoln Gakiya, Globo, 14.03.2026) https:\/\/g1.globo.com\/sp\/presidente-prudente-e-regiao\/noticia\/2026\/03\/14\/pena-para-antifaccao-e-maior-do-que-para-terrorismo-diz-gakiya-sobre-classificacao-de-faccoes-criminosas-como-terroristas.ghtml &#8220;Promotor Gakiya critica proposta dos EUA sobre PCC e alerta para amea\u00e7a \u00e0 [&hellip;]<\/p>\n","protected":false},"author":2,"featured_media":0,"parent":0,"menu_order":0,"comment_status":"closed","ping_status":"closed","template":"elementor_header_footer","meta":{"footnotes":""},"class_list":["post-5383","page","type-page","status-publish","hentry"],"yoast_head":"<!-- This site is optimized with the Yoast SEO plugin v27.4 - https:\/\/yoast.com\/product\/yoast-seo-wordpress\/ -->\n<title>ESEM na m\u00eddia - Lincoln Gakiya - ESEM<\/title>\n<meta name=\"robots\" content=\"index, follow, max-snippet:-1, max-image-preview:large, max-video-preview:-1\" \/>\n<link rel=\"canonical\" href=\"https:\/\/esem.org.br\/en\/esem-na-midia-lincoln-gakiya\/\" \/>\n<meta property=\"og:locale\" content=\"en_US\" \/>\n<meta property=\"og:type\" content=\"article\" \/>\n<meta property=\"og:title\" content=\"ESEM na m\u00eddia - Lincoln Gakiya - ESEM\" \/>\n<meta property=\"og:description\" content=\"ESEM na m\u00eddia- Lincoln Gakiya &#8220;PCC como grupo terrorista? Promotor alerta para risco ao Brasil&#8221; \u00a0(Lincoln Gakiya, Veja.com, 14.03.2026) https:\/\/veja.abril.com.br\/politica\/pcc-como-grupo-terrorista-promotor-alerta-para-risco-ao-brasil\/ &#8220;Pena antifac\u00e7\u00e3o \u00e9 maior do que para terrorismo, diz Gakiya sobre classifica\u00e7\u00e3o de fac\u00e7\u00f5es criminosas como terroristas&#8221; \u00a0(Lincoln Gakiya, Globo, 14.03.2026) https:\/\/g1.globo.com\/sp\/presidente-prudente-e-regiao\/noticia\/2026\/03\/14\/pena-para-antifaccao-e-maior-do-que-para-terrorismo-diz-gakiya-sobre-classificacao-de-faccoes-criminosas-como-terroristas.ghtml &#8220;Promotor Gakiya critica proposta dos EUA sobre PCC e alerta para amea\u00e7a \u00e0 [&hellip;]\" \/>\n<meta property=\"og:url\" content=\"https:\/\/esem.org.br\/en\/esem-na-midia-lincoln-gakiya\/\" \/>\n<meta property=\"og:site_name\" content=\"ESEM\" \/>\n<meta property=\"article:modified_time\" content=\"2026-03-23T12:38:38+00:00\" \/>\n<meta name=\"twitter:card\" content=\"summary_large_image\" \/>\n<meta name=\"twitter:label1\" content=\"Est. reading time\" \/>\n\t<meta name=\"twitter:data1\" content=\"1 minute\" \/>\n<script type=\"application\/ld+json\" class=\"yoast-schema-graph\">{\"@context\":\"https:\\\/\\\/schema.org\",\"@graph\":[{\"@type\":\"WebPage\",\"@id\":\"https:\\\/\\\/esem.org.br\\\/esem-na-midia-lincoln-gakiya\\\/\",\"url\":\"https:\\\/\\\/esem.org.br\\\/esem-na-midia-lincoln-gakiya\\\/\",\"name\":\"ESEM na m\u00eddia - Lincoln Gakiya - ESEM\",\"isPartOf\":{\"@id\":\"https:\\\/\\\/esem.org.br\\\/pt\\\/#website\"},\"datePublished\":\"2026-02-06T19:22:11+00:00\",\"dateModified\":\"2026-03-23T12:38:38+00:00\",\"breadcrumb\":{\"@id\":\"https:\\\/\\\/esem.org.br\\\/esem-na-midia-lincoln-gakiya\\\/#breadcrumb\"},\"inLanguage\":\"en-US\",\"potentialAction\":[{\"@type\":\"ReadAction\",\"target\":[\"https:\\\/\\\/esem.org.br\\\/esem-na-midia-lincoln-gakiya\\\/\"]}]},{\"@type\":\"BreadcrumbList\",\"@id\":\"https:\\\/\\\/esem.org.br\\\/esem-na-midia-lincoln-gakiya\\\/#breadcrumb\",\"itemListElement\":[{\"@type\":\"ListItem\",\"position\":1,\"name\":\"In\u00edcio\",\"item\":\"https:\\\/\\\/esem.org.br\\\/\"},{\"@type\":\"ListItem\",\"position\":2,\"name\":\"ESEM na m\u00eddia &#8211; Lincoln Gakiya\"}]},{\"@type\":\"WebSite\",\"@id\":\"https:\\\/\\\/esem.org.br\\\/pt\\\/#website\",\"url\":\"https:\\\/\\\/esem.org.br\\\/pt\\\/\",\"name\":\"ESEM Escola de Seguran\u00e7a Multidimensional\",\"description\":\"Escola de Seguran\u00e7a Multidimensional\",\"publisher\":{\"@id\":\"https:\\\/\\\/esem.org.br\\\/pt\\\/#organization\"},\"potentialAction\":[{\"@type\":\"SearchAction\",\"target\":{\"@type\":\"EntryPoint\",\"urlTemplate\":\"https:\\\/\\\/esem.org.br\\\/pt\\\/?s={search_term_string}\"},\"query-input\":{\"@type\":\"PropertyValueSpecification\",\"valueRequired\":true,\"valueName\":\"search_term_string\"}}],\"inLanguage\":\"en-US\"},{\"@type\":\"Organization\",\"@id\":\"https:\\\/\\\/esem.org.br\\\/pt\\\/#organization\",\"name\":\"ESEM Escola de Seguran\u00e7a Multidimensional\",\"url\":\"https:\\\/\\\/esem.org.br\\\/pt\\\/\",\"logo\":{\"@type\":\"ImageObject\",\"inLanguage\":\"en-US\",\"@id\":\"https:\\\/\\\/esem.org.br\\\/pt\\\/#\\\/schema\\\/logo\\\/image\\\/\",\"url\":\"https:\\\/\\\/esem.org.br\\\/wp-content\\\/uploads\\\/2022\\\/09\\\/Copia-de-WhatsApp-Image-2021-05-24-at-17.04.17-e1663853541820.jpeg\",\"contentUrl\":\"https:\\\/\\\/esem.org.br\\\/wp-content\\\/uploads\\\/2022\\\/09\\\/Copia-de-WhatsApp-Image-2021-05-24-at-17.04.17-e1663853541820.jpeg\",\"width\":739,\"height\":966,\"caption\":\"ESEM Escola de Seguran\u00e7a Multidimensional\"},\"image\":{\"@id\":\"https:\\\/\\\/esem.org.br\\\/pt\\\/#\\\/schema\\\/logo\\\/image\\\/\"}}]}<\/script>\n<!-- \/ Yoast SEO plugin. -->","yoast_head_json":{"title":"ESEM na m\u00eddia - Lincoln Gakiya - ESEM","robots":{"index":"index","follow":"follow","max-snippet":"max-snippet:-1","max-image-preview":"max-image-preview:large","max-video-preview":"max-video-preview:-1"},"canonical":"https:\/\/esem.org.br\/en\/esem-na-midia-lincoln-gakiya\/","og_locale":"en_US","og_type":"article","og_title":"ESEM na m\u00eddia - Lincoln Gakiya - ESEM","og_description":"ESEM na m\u00eddia- Lincoln Gakiya &#8220;PCC como grupo terrorista? Promotor alerta para risco ao Brasil&#8221; \u00a0(Lincoln Gakiya, Veja.com, 14.03.2026) https:\/\/veja.abril.com.br\/politica\/pcc-como-grupo-terrorista-promotor-alerta-para-risco-ao-brasil\/ &#8220;Pena antifac\u00e7\u00e3o \u00e9 maior do que para terrorismo, diz Gakiya sobre classifica\u00e7\u00e3o de fac\u00e7\u00f5es criminosas como terroristas&#8221; \u00a0(Lincoln Gakiya, Globo, 14.03.2026) https:\/\/g1.globo.com\/sp\/presidente-prudente-e-regiao\/noticia\/2026\/03\/14\/pena-para-antifaccao-e-maior-do-que-para-terrorismo-diz-gakiya-sobre-classificacao-de-faccoes-criminosas-como-terroristas.ghtml &#8220;Promotor Gakiya critica proposta dos EUA sobre PCC e alerta para amea\u00e7a \u00e0 [&hellip;]","og_url":"https:\/\/esem.org.br\/en\/esem-na-midia-lincoln-gakiya\/","og_site_name":"ESEM","article_modified_time":"2026-03-23T12:38:38+00:00","twitter_card":"summary_large_image","twitter_misc":{"Est. reading time":"1 minute"},"schema":{"@context":"https:\/\/schema.org","@graph":[{"@type":"WebPage","@id":"https:\/\/esem.org.br\/esem-na-midia-lincoln-gakiya\/","url":"https:\/\/esem.org.br\/esem-na-midia-lincoln-gakiya\/","name":"ESEM na m\u00eddia - Lincoln Gakiya - ESEM","isPartOf":{"@id":"https:\/\/esem.org.br\/pt\/#website"},"datePublished":"2026-02-06T19:22:11+00:00","dateModified":"2026-03-23T12:38:38+00:00","breadcrumb":{"@id":"https:\/\/esem.org.br\/esem-na-midia-lincoln-gakiya\/#breadcrumb"},"inLanguage":"en-US","potentialAction":[{"@type":"ReadAction","target":["https:\/\/esem.org.br\/esem-na-midia-lincoln-gakiya\/"]}]},{"@type":"BreadcrumbList","@id":"https:\/\/esem.org.br\/esem-na-midia-lincoln-gakiya\/#breadcrumb","itemListElement":[{"@type":"ListItem","position":1,"name":"In\u00edcio","item":"https:\/\/esem.org.br\/"},{"@type":"ListItem","position":2,"name":"ESEM na m\u00eddia &#8211; Lincoln Gakiya"}]},{"@type":"WebSite","@id":"https:\/\/esem.org.br\/pt\/#website","url":"https:\/\/esem.org.br\/pt\/","name":"ESEM Escola de Seguran\u00e7a Multidimensional","description":"School of Multidimensional Security","publisher":{"@id":"https:\/\/esem.org.br\/pt\/#organization"},"potentialAction":[{"@type":"SearchAction","target":{"@type":"EntryPoint","urlTemplate":"https:\/\/esem.org.br\/pt\/?s={search_term_string}"},"query-input":{"@type":"PropertyValueSpecification","valueRequired":true,"valueName":"search_term_string"}}],"inLanguage":"en-US"},{"@type":"Organization","@id":"https:\/\/esem.org.br\/pt\/#organization","name":"ESEM Escola de Seguran\u00e7a Multidimensional","url":"https:\/\/esem.org.br\/pt\/","logo":{"@type":"ImageObject","inLanguage":"en-US","@id":"https:\/\/esem.org.br\/pt\/#\/schema\/logo\/image\/","url":"https:\/\/esem.org.br\/wp-content\/uploads\/2022\/09\/Copia-de-WhatsApp-Image-2021-05-24-at-17.04.17-e1663853541820.jpeg","contentUrl":"https:\/\/esem.org.br\/wp-content\/uploads\/2022\/09\/Copia-de-WhatsApp-Image-2021-05-24-at-17.04.17-e1663853541820.jpeg","width":739,"height":966,"caption":"ESEM Escola de Seguran\u00e7a Multidimensional"},"image":{"@id":"https:\/\/esem.org.br\/pt\/#\/schema\/logo\/image\/"}}]}},"_links":{"self":[{"href":"https:\/\/esem.org.br\/en\/wp-json\/wp\/v2\/pages\/5383","targetHints":{"allow":["GET"]}}],"collection":[{"href":"https:\/\/esem.org.br\/en\/wp-json\/wp\/v2\/pages"}],"about":[{"href":"https:\/\/esem.org.br\/en\/wp-json\/wp\/v2\/types\/page"}],"author":[{"embeddable":true,"href":"https:\/\/esem.org.br\/en\/wp-json\/wp\/v2\/users\/2"}],"replies":[{"embeddable":true,"href":"https:\/\/esem.org.br\/en\/wp-json\/wp\/v2\/comments?post=5383"}],"version-history":[{"count":10,"href":"https:\/\/esem.org.br\/en\/wp-json\/wp\/v2\/pages\/5383\/revisions"}],"predecessor-version":[{"id":5588,"href":"https:\/\/esem.org.br\/en\/wp-json\/wp\/v2\/pages\/5383\/revisions\/5588"}],"wp:attachment":[{"href":"https:\/\/esem.org.br\/en\/wp-json\/wp\/v2\/media?parent=5383"}],"curies":[{"name":"wp","href":"https:\/\/api.w.org\/{rel}","templated":true}]}}