{"id":5388,"date":"2026-02-06T16:29:30","date_gmt":"2026-02-06T19:29:30","guid":{"rendered":"https:\/\/esem.org.br\/?page_id=5388"},"modified":"2026-03-27T13:57:44","modified_gmt":"2026-03-27T16:57:44","slug":"esem-na-midia-leandro-piquet","status":"publish","type":"page","link":"https:\/\/esem.org.br\/en\/esem-na-midia-leandro-piquet\/","title":{"rendered":"ESEM na m\u00eddia &#8211; Leandro Piquet"},"content":{"rendered":"<div data-elementor-type=\"wp-page\" data-elementor-id=\"5388\" class=\"elementor elementor-5388\" data-elementor-post-type=\"page\">\n\t\t\t\t\t\t<section class=\"elementor-section elementor-top-section elementor-element elementor-element-547277ee elementor-section-content-middle elementor-section-boxed elementor-section-height-default elementor-section-height-default\" data-id=\"547277ee\" data-element_type=\"section\" data-e-type=\"section\" data-settings=\"{&quot;background_background&quot;:&quot;classic&quot;,&quot;ekit_has_onepagescroll_dot&quot;:&quot;yes&quot;}\">\n\t\t\t\t\t\t\t<div class=\"elementor-background-overlay\"><\/div>\n\t\t\t\t\t\t\t<div class=\"elementor-container elementor-column-gap-default\">\n\t\t\t\t\t<div class=\"elementor-column elementor-col-100 elementor-top-column elementor-element elementor-element-2d652086\" data-id=\"2d652086\" data-element_type=\"column\" data-e-type=\"column\">\n\t\t\t<div class=\"elementor-widget-wrap elementor-element-populated\">\n\t\t\t\t\t\t<div class=\"elementor-element elementor-element-782c067 elementor-widget__width-initial elementor-widget elementor-widget-heading\" data-id=\"782c067\" data-element_type=\"widget\" data-e-type=\"widget\" data-settings=\"{&quot;ekit_we_effect_on&quot;:&quot;none&quot;}\" data-widget_type=\"heading.default\">\n\t\t\t\t<div class=\"elementor-widget-container\">\n\t\t\t\t\t<h1 class=\"elementor-heading-title elementor-size-default\">ESEM na m\u00eddia<\/h1>\t\t\t\t<\/div>\n\t\t\t\t<\/div>\n\t\t\t\t\t<\/div>\n\t\t<\/div>\n\t\t\t\t\t<\/div>\n\t\t<\/section>\n\t\t\t\t<section class=\"elementor-section elementor-top-section elementor-element elementor-element-7ce4c034 elementor-section-boxed elementor-section-height-default elementor-section-height-default\" data-id=\"7ce4c034\" data-element_type=\"section\" data-e-type=\"section\" data-settings=\"{&quot;ekit_has_onepagescroll_dot&quot;:&quot;yes&quot;}\">\n\t\t\t\t\t\t<div class=\"elementor-container elementor-column-gap-default\">\n\t\t\t\t\t<div class=\"elementor-column elementor-col-100 elementor-top-column elementor-element elementor-element-65c82df\" data-id=\"65c82df\" data-element_type=\"column\" data-e-type=\"column\">\n\t\t\t<div class=\"elementor-widget-wrap elementor-element-populated\">\n\t\t\t\t\t\t<section class=\"elementor-section elementor-inner-section elementor-element elementor-element-3e7beec elementor-section-boxed elementor-section-height-default elementor-section-height-default\" data-id=\"3e7beec\" data-element_type=\"section\" data-e-type=\"section\" data-settings=\"{&quot;ekit_has_onepagescroll_dot&quot;:&quot;yes&quot;}\">\n\t\t\t\t\t\t<div class=\"elementor-container elementor-column-gap-default\">\n\t\t\t\t\t<div class=\"elementor-column elementor-col-100 elementor-inner-column elementor-element elementor-element-c78fcce\" data-id=\"c78fcce\" data-element_type=\"column\" data-e-type=\"column\">\n\t\t\t<div class=\"elementor-widget-wrap\">\n\t\t\t\t\t\t\t<\/div>\n\t\t<\/div>\n\t\t\t\t\t<\/div>\n\t\t<\/section>\n\t\t\t\t<section class=\"elementor-section elementor-inner-section elementor-element elementor-element-c094d8f elementor-section-boxed elementor-section-height-default elementor-section-height-default\" data-id=\"c094d8f\" data-element_type=\"section\" data-e-type=\"section\" data-settings=\"{&quot;ekit_has_onepagescroll_dot&quot;:&quot;yes&quot;}\">\n\t\t\t\t\t\t<div class=\"elementor-container elementor-column-gap-default\">\n\t\t\t\t\t<div class=\"elementor-column elementor-col-100 elementor-inner-column elementor-element elementor-element-c5abd2b\" data-id=\"c5abd2b\" data-element_type=\"column\" data-e-type=\"column\">\n\t\t\t<div class=\"elementor-widget-wrap elementor-element-populated\">\n\t\t\t\t\t\t<div class=\"elementor-element elementor-element-04bf7bf elementor-widget elementor-widget-text-editor\" data-id=\"04bf7bf\" data-element_type=\"widget\" data-e-type=\"widget\" data-settings=\"{&quot;ekit_we_effect_on&quot;:&quot;none&quot;}\" data-widget_type=\"text-editor.default\">\n\t\t\t\t<div class=\"elementor-widget-container\">\n\t\t\t\t\t\t\t\t\t<div><hr \/><p><strong>&#8220;Maconha: 1 em cada 6 brasileiros j\u00e1 experimentou, diz levantamento&#8221;<\/strong> <strong>(Leandro Piquet, Band, 25\/03\/2026)<\/strong><\/p><p><a href=\"https:\/\/www.band.com.br\/band-parana\/noticias\/maconha-1-em-cada-6-brasileiros-ja-experimentou-diz-levantamento-202603251518\">https:\/\/www.band.com.br\/band-parana\/noticias\/maconha-1-em-cada-6-brasileiros-ja-experimentou-diz-levantamento-202603251518<\/a><\/p><hr \/><p><strong>&#8220;A colheita do crime, como o PCC e o CV invadiram o agroneg\u00f3cio brasileiro (Leandro Piquet, Farmnews, 19\/03\/2026)<\/strong><\/p><p><a href=\"https:\/\/farmnews.com.br\/politica\/a-colheita-do-crime-como-o-pcc-e-o-cv-invadiram-o-agronegocio-brasileiro\/\">https:\/\/farmnews.com.br\/politica\/a-colheita-do-crime-como-o-pcc-e-o-cv-invadiram-o-agronegocio-brasileiro\/<\/a><\/p><hr \/><p><strong>&#8220;Os organizadores acolheram a ideia de come\u00e7ar o livro pelo tema da corrup\u00e7\u00e3o policial e a necessidade de reorganiza\u00e7\u00e3o das pol\u00edcias do Rio, que \u00e9 algo que antecede o debate sobre a nossa capacidade institucional e como sociedade de atuar sobre o problema do crime \u2014 diz Leandro Piquet. (Leandro Piquete, Globo, 15\/03\/2026)<\/strong><\/p><p><a href=\"https:\/\/oglobo.globo.com\/rio\/noticia\/2026\/03\/15\/como-fazer-o-jogo-virar-no-rio-livro-aborda-saidas-para-o-estado.ghtml?utm_source=Whatsapp&amp;utm_medium=Social&amp;utm_campaign=compartilhar\">https:\/\/oglobo.globo.com\/rio\/noticia\/2026\/03\/15\/como-fazer-o-jogo-virar-no-rio-livro-aborda-saidas-para-o-estado.ghtml?utm_source=Whatsapp&amp;utm_medium=Social&amp;utm_campaign=compartilhar<br \/><\/a><\/p><hr \/><p><strong>&#8220;Brasil tem queda de 11% em assassinatos e atinge menor n\u00edvel em cinco anos&#8221; (Leandro Piquet,\u00a0<em>BAND<\/em>, 21.01.2026)<\/strong><br \/><a href=\"https:\/\/www.band.com.br\/\"><br \/><\/a><a href=\"https:\/\/www.band.com.br\/noticias\/jornal-da-band\/ultimas\/brasil-tem-queda-de-11-em-assassinatos-e-atinge-menor-nivel-em-cinco-anos-202601212012\">https:\/\/www.band.com.br\/<wbr \/>noticias\/jornal-da-band\/<wbr \/>ultimas\/brasil-tem-queda-de-<wbr \/>11-em-assassinatos-e-atinge-<wbr \/>menor-nivel-em-cinco-anos-<wbr \/>202601212012<\/a><\/p><hr \/><p><strong>&#8220;An\u00e1lise de Piquet sobre Venezuela p\u00f3s-Maduro&#8221; (Leandro Piquet,\u00a0<em>Ag\u00eancia Estado<\/em>, 21.01.2026)<\/strong><\/p><p><a href=\"https:\/\/www.youtube.com\/watch?v=zb6euiESFOY&amp;list=PLj7XPM_TG3svZRWXfVPy9LzFpFqJqfxV5&amp;index=1\" target=\"_blank\" rel=\"noopener\">https:\/\/www.youtube.com\/watch?<wbr \/>v=zb6euiESFOY&amp;list=PLj7XPM_<wbr \/>TG3svZRWXfVPy9LzFpFqJqfxV5&amp;<wbr \/>index=1<\/a><\/p><p>Entrevista concedida pelo professor Leandro Piquet, ao Broadcast do Estado, na qual analisa as perspectivas para a Venezuela ap\u00f3s a captura de Nicol\u00e1s Maduro, as poss\u00edveis consequ\u00eancias para a Am\u00e9rica Latina, a agenda dos Estados Unidos no enfrentamento da crise dos opioides e as declara\u00e7\u00f5es de Donald Trump sobre a Groenl\u00e2ndia, com impactos na defesa da democracia e na coopera\u00e7\u00e3o internacional.<\/p><hr \/><p><strong>&#8220;Territ\u00f3rio Seguro: um novo caminho para livrar o Brasil do crime organizado&#8221; (Leandro Piquet,\u00a0<em>Folha de S.Paulo<\/em>, 17.01.2026)<\/strong><\/p><p>Link para a mat\u00e9ria:<br \/><a href=\"https:\/\/www1.folha.uol.com.br\/opiniao\/2026\/01\/territorio-seguro-um-novo-caminho-para-livrar-o-brasil-do-crime-organizado.shtml\">https:\/\/www1.folha.uol.com.br\/opiniao\/2026\/01\/territorio-seguro-um-novo-caminho-para-livrar-o-brasil-do-crime-organizado.shtml<\/a><\/p><p>Leia a mat\u00e9ria publicada na Folha de S.Paulo: \u201cTerrit\u00f3rio Seguro: um novo caminho para livrar o Brasil do crime organizado\u201d, de autoria de Leandro Piquet Carneiro, coordenador da Escola de Seguran\u00e7a Multidimensional da USP, e M\u00e1rio Luiz Sarrubbo, secret\u00e1rio nacional de Seguran\u00e7a P\u00fablica do Minist\u00e9rio da Justi\u00e7a e Seguran\u00e7a P\u00fablica.<\/p><p>O artigo analisa o Projeto Territ\u00f3rio Seguro, desenvolvido desde 2024 pelo Minist\u00e9rio da Justi\u00e7a e Seguran\u00e7a P\u00fablica em parceria com a Escola de Seguran\u00e7a Multidimensional do IRI-USP, como uma estrat\u00e9gia de interven\u00e7\u00e3o estatal em \u00e1reas dominadas pelo tr\u00e1fico, orientada por evid\u00eancias cient\u00edficas.<\/p><p><strong>Observa\u00e7\u00e3o<\/strong>: o acesso ao conte\u00fado completo pode estar restrito a assinantes do jornal.<\/p><\/div><hr \/><p><strong>&#8220;Grupo criminoso venezuelano atua em Santa Catarina&#8221; (Leandro Piquet,\u00a0<em>Not\u00edcias Chapec\u00f3<\/em>, 11.01.2026)<\/strong><\/p><p><a href=\"https:\/\/www.iri.usp.br\/chapeco.org\/noticias\/104776\/grupo-criminoso-venezuelano-atua-em-santa-catarina\/\">chapeco.org\/noticias\/104776\/grupo-criminoso-venezuelano-atua-em-santa-catarina\/<\/a><\/p><p><strong>&#8220;Grupo criminoso venezuelano atua no Brasil com modelo semelhante ao de fac\u00e7\u00f5es nacionais&#8221; (Leandro Piquet,\u00a0<em>sbt news<\/em>, 07.01.2026)<\/strong><\/p><p><a href=\"https:\/\/sbtnews.sbt.com.br\/noticia\/policia\/grupo-criminoso-venezuelano-atua-no-brasil-com-modelo-semelhante-ao-de-faccoes-nacionais\">https:\/\/sbtnews.sbt.com.br\/noticia\/policia\/grupo-criminoso-venezuelano-atua-no-brasil-com-modelo-semelhante-ao-de-faccoes-nacionais<\/a><\/p><hr \/><p><strong>&#8220;Em parceria com a USP, Empro desenvolve app que mapeia viol\u00eancia contra a mulher por regi\u00e3o&#8221; (Leandro Piquet,\u00a0<em>DHOJE<\/em>, 07.01.2026)<\/strong><\/p><p><a href=\"https:\/\/jornaldhoje.com.br\/noticia\/em-parceria-com-a-usp-empro-desenvolve-app-que-mapeia-viol%C3%AAncia-contra-a-mulher-por-regi%C3%A3o\">https:\/\/jornaldhoje.com.br\/noticia\/em-parceria-com-a-usp-empro-desenvolve-app-que-mapeia-viol%C3%AAncia-contra-a-mulher-por-regi%C3%A3o<\/a><\/p><hr \/><p><strong>&#8220;Relat\u00f3rio apresenta levantamento nacional sobre a demanda de bens e servi\u00e7os il\u00edcitos&#8221; (Leandro Piquet,\u00a0<em>Jornal da USP<\/em>, 03.12.2025)<\/strong><\/p><p><a href=\"https:\/\/jornal.usp.br\/universidade\/relatorio-apresenta-levantamento-nacional-sobre-a-demanda-de-bens-e-servicos-ilicitos\">https:\/\/jornal.usp.br\/universidade\/relatorio-apresenta-levantamento-nacional-sobre-a-demanda-de-bens-e-servicos-ilicitos<\/a><\/p><hr \/><p><strong>\u201cEstamos transferindo para o crime organizado um mercado de R$ 7 bilh\u00f5es\u201d (Leandro Piquet,<em>\u00a0GZH<\/em>, 27.10.2025)<\/strong><\/p><p><a href=\"https:\/\/gauchazh.clicrbs.com.br\/colunistas\/gisele-loeblein\/noticia\/2025\/10\/estamos-transferindo-para-o-crime-organizado-um-mercado-de-r-7-bilhoes-alerta-pesquisador-da-usp-cmh9hqhl80092010dmcp8vw98.html\">https:\/\/gauchazh.clicrbs.com.br\/colunistas\/gisele-loeblein\/noticia\/2025\/10\/estamos-transferindo-para-o-crime-organizado-um-mercado-de-r-7-bilhoes-alerta-pesquisador-da-usp-cmh9hqhl80092010dmcp8vw98.html<br \/><\/a><em>(a possibilidade de acesso \u00e0s mat\u00e9rias est\u00e1 condicionada aos crit\u00e9rios estabelecidos pelos respectivos \u00f3rg\u00e3os de imprensa)<\/em><\/p><hr \/><p>\u00a0<strong>&#8220;Vinhos brasileiros de 2025, cigarros eletr\u00f4nicos ilegais e mais no &#8220;Campo e Lavoura&#8221;&#8221; (Leandro Piquet,\u00a0<em>GZH<\/em>, 26.10.2025)<\/strong><\/p><p><a href=\"https:\/\/gauchazh.clicrbs.com.br\/colunistas\/gisele-loeblein\/noticia\/2025\/10\/vinhos-brasileiros-de-2025-cigarros-eletronicos-ilegais-e-mais-no-campo-e-lavoura-ouca-aqui-cmh7vwurz02pu015gelfqtqen.html\">https:\/\/gauchazh.clicrbs.com.br\/colunistas\/gisele-loeblein\/noticia\/2025\/10\/vinhos-brasileiros-de-2025-cigarros-eletronicos-ilegais-e-mais-no-campo-e-lavoura-ouca-aqui-cmh7vwurz02pu015gelfqtqen.html<br \/><\/a>(<em>a possibilidade de acesso \u00e0s mat\u00e9rias est\u00e1 condicionada aos crit\u00e9rios estabelecidos pelos respectivos \u00f3rg\u00e3os de imprensa<\/em>)<\/p><hr \/><p><strong>&#8220;Presen\u00e7a de fac\u00e7\u00f5es cresce no Pa\u00eds, mas Estado segue travado na puni\u00e7\u00e3o&#8221; (Leandro Piquet, <em>Estad\u00e3o<\/em>, 13.10.2025)<\/strong><\/p><p><a href=\"https:\/\/www.estadao.com.br\/politica\/marcelo-godoy\/40-milhoes-vivem-em-areas-com-presenca-explicita-de-faccoes-e-o-pais-nao-tem-lei-para-punir-bandidos\/\">https:\/\/www.estadao.com.br\/politica\/marcelo-godoy\/40-milhoes-vivem-em-areas-com-presenca-explicita-de-faccoes-e-o-pais-nao-tem-lei-para-punir-bandidos\/<br \/><\/a>(<em>a possibilidade de acesso \u00e0s mat\u00e9rias est\u00e1 condicionada aos crit\u00e9rios estabelecidos pelos respectivos \u00f3rg\u00e3os de imprensa<\/em>)<\/p><hr style=\"background-color: #ffffff;\" \/><p><span style=\"font-weight: bolder;\">&#8220;USP oferece curso sobre o papel das mulheres no trabalho policial&#8221; (Leandro Piquet, Ag\u00eancia Fapesp, 02.10.2025)<\/span><\/p><p>Mat\u00e9ria publicada pela Ag\u00eancia Fapersp sobre o curso \u201cA Mulher e o Trabalho Policial\u201d, promovido pela Escola de Seguran\u00e7a Multidimensional da USP (Esem-USP)<\/p><p><a href=\"https:\/\/agencia.fapesp.br\/usp-oferece-curso-sobre-o-papel-das-mulheres-no-trabalho-policial\/55999\">https:\/\/agencia.fapesp.br\/usp-oferece-curso-sobre-o-papel-das-mulheres-no-trabalho-policial\/55999<\/a><\/p><hr \/><p><strong>&#8220;Curso na USP promove debates sobre o papel das mulheres no trabalho policial&#8221; (Leandro Piquet, <em>Jornal da USP<\/em>, 22.09.2025)<\/strong><\/p><p>Mat\u00e9ria publicada pelo Jornal da USP sobre o curso \u201cA Mulher e o Trabalho Policial\u201d, promovido pela Escola de Seguran\u00e7a Multidimensional da USP (Esem-USP)<\/p><p><a href=\"https:\/\/jornal.usp.br\/diversidade\/curso-na-usp-trara-debates-e-reflexoes-sobre-o-papel-das-mulheres-no-trabalho-policial\/\">https:\/\/jornal.usp.br\/diversidade\/curso-na-usp-trara-debates-e-reflexoes-sobre-o-papel-das-mulheres-no-trabalho-policial\/<\/a><\/p><hr \/><p><strong>&#8220;Crime organizado funciona como empresa, explora oportunidades e usa viol\u00eancia&#8221; (Leandro Piquet, <em>R7<\/em>, 17.09.2025)<\/strong><\/p><p><a href=\"https:\/\/noticias.r7.com\/entrevista\/crime-organizado-funciona-como-uma-empresa-explora-oportunidades-e-usa-violencia-diz-pesquisador-17092025\/\">https:\/\/noticias.r7.com\/entrevista\/crime-organizado-funciona-como-uma-empresa-explora-oportunidades-e-usa-violencia-diz-pesquisador-17092025\/<\/a><\/p><hr \/><p><strong>&#8220;A infiltra\u00e7\u00e3o silenciosa no setor de combust\u00edveis&#8221; ( Leandro Piquet, <em>Folha de S.Paulo<\/em>, 31.08.2025)<\/strong><\/p><p><a href=\"https:\/\/www1.folha.uol.com.br\/mercado\/2025\/08\/a-infiltracao-silenciosa-no-setor-de-combustiveis.shtml?utm_source=sharenativo&amp;utm_medium=social&amp;utm_campaign=sharenativo\">https:\/\/www1.folha.uol.com.br\/mercado\/2025\/08\/a-infiltracao-silenciosa-no-setor-de-combustiveis.shtml?utm_source=sharenativo&amp;utm_medium=social&amp;utm_campaign=sharenativo<\/a><br \/>(<em>a possibilidade de acesso \u00e0s mat\u00e9rias est\u00e1 condicionada aos crit\u00e9rios estabelecidos pelos respectivos \u00f3rg\u00e3os de imprensa<\/em>)<\/p><hr \/><p><strong>&#8220;Cigarro eletr\u00f4nico traz preju\u00edzo em mais de R$100 milh\u00f5es ao ES&#8221; (Leandro Piquet, <em>ESBrasil<\/em>, 29.08.2025)<\/strong><\/p><p><a href=\"https:\/\/esbrasil.com.br\/cigarro-eletronico-traz-prejuizo-em-mais-de-r100-milhoes-ao-es\/\">https:\/\/esbrasil.com.br\/cigarro-eletronico-traz-prejuizo-em-mais-de-r100-milhoes-ao-es\/<\/a><\/p><hr \/><p><strong>&#8220;&#8216;Ca\u00e7a \u00e0s motos&#8217;: b\u00f4nus para GCM em SP pode gerar distor\u00e7\u00f5es e abusos&#8221; (Leandro Piquet, <em>UOL<\/em>, 07.07.2025)<\/strong><\/p><p><a href=\"https:\/\/noticias.uol.com.br\/cotidiano\/ultimas-noticias\/2025\/07\/07\/bonus-por-recuperar-moto-roubada-abre-brecha-para-corrupcao-na-gcm-de-sp.htm\">https:\/\/noticias.uol.com.br\/cotidiano\/ultimas-noticias\/2025\/07\/07\/bonus-por-recuperar-moto-roubada-abre-brecha-para-corrupcao-na-gcm-de-sp.htm<\/a><\/p><hr \/><p><strong>&#8220;Semin\u00e1rio internacional discute formas de coopera\u00e7\u00e3o no combate ao crime organizado&#8221; (Leandro Piquet\/ESEM-USP, <em>Jornal Hoje,<\/em> 24.06.2025)<\/strong><\/p><p><a href=\"https:\/\/g1.globo.com\/jornal-hoje\/video\/seminario-internacional-discute-formas-de-cooperacao-para-combater-o-crime-organizado-13705609.ghtml\">https:\/\/g1.globo.com\/jornal-hoje\/video\/seminario-internacional-discute-formas-de-cooperacao-para-combater-o-crime-organizado-13705609.ghtml<\/a><\/p><hr \/>\t\t\t\t\t\t\t\t<\/div>\n\t\t\t\t<\/div>\n\t\t\t\t\t<\/div>\n\t\t<\/div>\n\t\t\t\t\t<\/div>\n\t\t<\/section>\n\t\t\t\t\t<\/div>\n\t\t<\/div>\n\t\t\t\t\t<\/div>\n\t\t<\/section>\n\t\t\t\t<\/div>","protected":false},"excerpt":{"rendered":"<p>ESEM na m\u00eddia &#8220;Maconha: 1 em cada 6 brasileiros j\u00e1 experimentou, diz levantamento&#8221; (Leandro Piquet, Band, 25\/03\/2026) https:\/\/www.band.com.br\/band-parana\/noticias\/maconha-1-em-cada-6-brasileiros-ja-experimentou-diz-levantamento-202603251518 &#8220;A colheita do crime, como o PCC e o CV invadiram o agroneg\u00f3cio brasileiro (Leandro Piquet, Farmnews, 19\/03\/2026) https:\/\/farmnews.com.br\/politica\/a-colheita-do-crime-como-o-pcc-e-o-cv-invadiram-o-agronegocio-brasileiro\/ &#8220;Os organizadores acolheram a ideia de come\u00e7ar o livro pelo tema da corrup\u00e7\u00e3o policial e a necessidade de [&hellip;]<\/p>\n","protected":false},"author":2,"featured_media":0,"parent":0,"menu_order":0,"comment_status":"closed","ping_status":"closed","template":"elementor_header_footer","meta":{"footnotes":""},"class_list":["post-5388","page","type-page","status-publish","hentry"],"yoast_head":"<!-- This site is optimized with the Yoast SEO plugin v27.4 - https:\/\/yoast.com\/product\/yoast-seo-wordpress\/ -->\n<title>ESEM na m\u00eddia - Leandro Piquet - ESEM<\/title>\n<meta name=\"robots\" content=\"index, follow, max-snippet:-1, max-image-preview:large, max-video-preview:-1\" \/>\n<link rel=\"canonical\" href=\"https:\/\/esem.org.br\/en\/esem-na-midia-leandro-piquet\/\" \/>\n<meta property=\"og:locale\" content=\"en_US\" \/>\n<meta property=\"og:type\" content=\"article\" \/>\n<meta property=\"og:title\" content=\"ESEM na m\u00eddia - Leandro Piquet - ESEM\" \/>\n<meta property=\"og:description\" content=\"ESEM na m\u00eddia &#8220;Maconha: 1 em cada 6 brasileiros j\u00e1 experimentou, diz levantamento&#8221; (Leandro Piquet, Band, 25\/03\/2026) https:\/\/www.band.com.br\/band-parana\/noticias\/maconha-1-em-cada-6-brasileiros-ja-experimentou-diz-levantamento-202603251518 &#8220;A colheita do crime, como o PCC e o CV invadiram o agroneg\u00f3cio brasileiro (Leandro Piquet, Farmnews, 19\/03\/2026) https:\/\/farmnews.com.br\/politica\/a-colheita-do-crime-como-o-pcc-e-o-cv-invadiram-o-agronegocio-brasileiro\/ &#8220;Os organizadores acolheram a ideia de come\u00e7ar o livro pelo tema da corrup\u00e7\u00e3o policial e a necessidade de [&hellip;]\" \/>\n<meta property=\"og:url\" content=\"https:\/\/esem.org.br\/en\/esem-na-midia-leandro-piquet\/\" \/>\n<meta property=\"og:site_name\" content=\"ESEM\" \/>\n<meta property=\"article:modified_time\" content=\"2026-03-27T16:57:44+00:00\" \/>\n<meta name=\"twitter:card\" content=\"summary_large_image\" \/>\n<meta name=\"twitter:label1\" content=\"Est. reading time\" \/>\n\t<meta name=\"twitter:data1\" content=\"4 minutes\" \/>\n<script type=\"application\/ld+json\" class=\"yoast-schema-graph\">{\"@context\":\"https:\\\/\\\/schema.org\",\"@graph\":[{\"@type\":\"WebPage\",\"@id\":\"https:\\\/\\\/esem.org.br\\\/esem-na-midia-leandro-piquet\\\/\",\"url\":\"https:\\\/\\\/esem.org.br\\\/esem-na-midia-leandro-piquet\\\/\",\"name\":\"ESEM na m\u00eddia - Leandro Piquet - ESEM\",\"isPartOf\":{\"@id\":\"https:\\\/\\\/esem.org.br\\\/pt\\\/#website\"},\"datePublished\":\"2026-02-06T19:29:30+00:00\",\"dateModified\":\"2026-03-27T16:57:44+00:00\",\"breadcrumb\":{\"@id\":\"https:\\\/\\\/esem.org.br\\\/esem-na-midia-leandro-piquet\\\/#breadcrumb\"},\"inLanguage\":\"en-US\",\"potentialAction\":[{\"@type\":\"ReadAction\",\"target\":[\"https:\\\/\\\/esem.org.br\\\/esem-na-midia-leandro-piquet\\\/\"]}]},{\"@type\":\"BreadcrumbList\",\"@id\":\"https:\\\/\\\/esem.org.br\\\/esem-na-midia-leandro-piquet\\\/#breadcrumb\",\"itemListElement\":[{\"@type\":\"ListItem\",\"position\":1,\"name\":\"In\u00edcio\",\"item\":\"https:\\\/\\\/esem.org.br\\\/\"},{\"@type\":\"ListItem\",\"position\":2,\"name\":\"ESEM na m\u00eddia &#8211; Leandro Piquet\"}]},{\"@type\":\"WebSite\",\"@id\":\"https:\\\/\\\/esem.org.br\\\/pt\\\/#website\",\"url\":\"https:\\\/\\\/esem.org.br\\\/pt\\\/\",\"name\":\"ESEM Escola de Seguran\u00e7a Multidimensional\",\"description\":\"Escola de Seguran\u00e7a Multidimensional\",\"publisher\":{\"@id\":\"https:\\\/\\\/esem.org.br\\\/pt\\\/#organization\"},\"potentialAction\":[{\"@type\":\"SearchAction\",\"target\":{\"@type\":\"EntryPoint\",\"urlTemplate\":\"https:\\\/\\\/esem.org.br\\\/pt\\\/?s={search_term_string}\"},\"query-input\":{\"@type\":\"PropertyValueSpecification\",\"valueRequired\":true,\"valueName\":\"search_term_string\"}}],\"inLanguage\":\"en-US\"},{\"@type\":\"Organization\",\"@id\":\"https:\\\/\\\/esem.org.br\\\/pt\\\/#organization\",\"name\":\"ESEM Escola de Seguran\u00e7a Multidimensional\",\"url\":\"https:\\\/\\\/esem.org.br\\\/pt\\\/\",\"logo\":{\"@type\":\"ImageObject\",\"inLanguage\":\"en-US\",\"@id\":\"https:\\\/\\\/esem.org.br\\\/pt\\\/#\\\/schema\\\/logo\\\/image\\\/\",\"url\":\"https:\\\/\\\/esem.org.br\\\/wp-content\\\/uploads\\\/2022\\\/09\\\/Copia-de-WhatsApp-Image-2021-05-24-at-17.04.17-e1663853541820.jpeg\",\"contentUrl\":\"https:\\\/\\\/esem.org.br\\\/wp-content\\\/uploads\\\/2022\\\/09\\\/Copia-de-WhatsApp-Image-2021-05-24-at-17.04.17-e1663853541820.jpeg\",\"width\":739,\"height\":966,\"caption\":\"ESEM Escola de Seguran\u00e7a Multidimensional\"},\"image\":{\"@id\":\"https:\\\/\\\/esem.org.br\\\/pt\\\/#\\\/schema\\\/logo\\\/image\\\/\"}}]}<\/script>\n<!-- \/ Yoast SEO plugin. -->","yoast_head_json":{"title":"ESEM na m\u00eddia - Leandro Piquet - ESEM","robots":{"index":"index","follow":"follow","max-snippet":"max-snippet:-1","max-image-preview":"max-image-preview:large","max-video-preview":"max-video-preview:-1"},"canonical":"https:\/\/esem.org.br\/en\/esem-na-midia-leandro-piquet\/","og_locale":"en_US","og_type":"article","og_title":"ESEM na m\u00eddia - Leandro Piquet - ESEM","og_description":"ESEM na m\u00eddia &#8220;Maconha: 1 em cada 6 brasileiros j\u00e1 experimentou, diz levantamento&#8221; (Leandro Piquet, Band, 25\/03\/2026) https:\/\/www.band.com.br\/band-parana\/noticias\/maconha-1-em-cada-6-brasileiros-ja-experimentou-diz-levantamento-202603251518 &#8220;A colheita do crime, como o PCC e o CV invadiram o agroneg\u00f3cio brasileiro (Leandro Piquet, Farmnews, 19\/03\/2026) https:\/\/farmnews.com.br\/politica\/a-colheita-do-crime-como-o-pcc-e-o-cv-invadiram-o-agronegocio-brasileiro\/ &#8220;Os organizadores acolheram a ideia de come\u00e7ar o livro pelo tema da corrup\u00e7\u00e3o policial e a necessidade de [&hellip;]","og_url":"https:\/\/esem.org.br\/en\/esem-na-midia-leandro-piquet\/","og_site_name":"ESEM","article_modified_time":"2026-03-27T16:57:44+00:00","twitter_card":"summary_large_image","twitter_misc":{"Est. reading time":"4 minutes"},"schema":{"@context":"https:\/\/schema.org","@graph":[{"@type":"WebPage","@id":"https:\/\/esem.org.br\/esem-na-midia-leandro-piquet\/","url":"https:\/\/esem.org.br\/esem-na-midia-leandro-piquet\/","name":"ESEM na m\u00eddia - Leandro Piquet - ESEM","isPartOf":{"@id":"https:\/\/esem.org.br\/pt\/#website"},"datePublished":"2026-02-06T19:29:30+00:00","dateModified":"2026-03-27T16:57:44+00:00","breadcrumb":{"@id":"https:\/\/esem.org.br\/esem-na-midia-leandro-piquet\/#breadcrumb"},"inLanguage":"en-US","potentialAction":[{"@type":"ReadAction","target":["https:\/\/esem.org.br\/esem-na-midia-leandro-piquet\/"]}]},{"@type":"BreadcrumbList","@id":"https:\/\/esem.org.br\/esem-na-midia-leandro-piquet\/#breadcrumb","itemListElement":[{"@type":"ListItem","position":1,"name":"In\u00edcio","item":"https:\/\/esem.org.br\/"},{"@type":"ListItem","position":2,"name":"ESEM na m\u00eddia &#8211; Leandro Piquet"}]},{"@type":"WebSite","@id":"https:\/\/esem.org.br\/pt\/#website","url":"https:\/\/esem.org.br\/pt\/","name":"ESEM Escola de Seguran\u00e7a Multidimensional","description":"School of Multidimensional Security","publisher":{"@id":"https:\/\/esem.org.br\/pt\/#organization"},"potentialAction":[{"@type":"SearchAction","target":{"@type":"EntryPoint","urlTemplate":"https:\/\/esem.org.br\/pt\/?s={search_term_string}"},"query-input":{"@type":"PropertyValueSpecification","valueRequired":true,"valueName":"search_term_string"}}],"inLanguage":"en-US"},{"@type":"Organization","@id":"https:\/\/esem.org.br\/pt\/#organization","name":"ESEM Escola de Seguran\u00e7a Multidimensional","url":"https:\/\/esem.org.br\/pt\/","logo":{"@type":"ImageObject","inLanguage":"en-US","@id":"https:\/\/esem.org.br\/pt\/#\/schema\/logo\/image\/","url":"https:\/\/esem.org.br\/wp-content\/uploads\/2022\/09\/Copia-de-WhatsApp-Image-2021-05-24-at-17.04.17-e1663853541820.jpeg","contentUrl":"https:\/\/esem.org.br\/wp-content\/uploads\/2022\/09\/Copia-de-WhatsApp-Image-2021-05-24-at-17.04.17-e1663853541820.jpeg","width":739,"height":966,"caption":"ESEM Escola de Seguran\u00e7a Multidimensional"},"image":{"@id":"https:\/\/esem.org.br\/pt\/#\/schema\/logo\/image\/"}}]}},"_links":{"self":[{"href":"https:\/\/esem.org.br\/en\/wp-json\/wp\/v2\/pages\/5388","targetHints":{"allow":["GET"]}}],"collection":[{"href":"https:\/\/esem.org.br\/en\/wp-json\/wp\/v2\/pages"}],"about":[{"href":"https:\/\/esem.org.br\/en\/wp-json\/wp\/v2\/types\/page"}],"author":[{"embeddable":true,"href":"https:\/\/esem.org.br\/en\/wp-json\/wp\/v2\/users\/2"}],"replies":[{"embeddable":true,"href":"https:\/\/esem.org.br\/en\/wp-json\/wp\/v2\/comments?post=5388"}],"version-history":[{"count":43,"href":"https:\/\/esem.org.br\/en\/wp-json\/wp\/v2\/pages\/5388\/revisions"}],"predecessor-version":[{"id":5705,"href":"https:\/\/esem.org.br\/en\/wp-json\/wp\/v2\/pages\/5388\/revisions\/5705"}],"wp:attachment":[{"href":"https:\/\/esem.org.br\/en\/wp-json\/wp\/v2\/media?parent=5388"}],"curies":[{"name":"wp","href":"https:\/\/api.w.org\/{rel}","templated":true}]}}