{"id":5651,"date":"2026-03-23T15:44:03","date_gmt":"2026-03-23T18:44:03","guid":{"rendered":"https:\/\/esem.org.br\/?page_id=5651"},"modified":"2026-03-23T15:54:03","modified_gmt":"2026-03-23T18:54:03","slug":"esem-na-midia-jose-vicente-da-silva-filho","status":"publish","type":"page","link":"https:\/\/esem.org.br\/pt\/esem-na-midia-jose-vicente-da-silva-filho\/","title":{"rendered":"ESEM na m\u00eddia &#8211; Jos\u00e9 Vicente da Silva Filho"},"content":{"rendered":"\t\t<div data-elementor-type=\"wp-page\" data-elementor-id=\"5651\" class=\"elementor elementor-5651\" data-elementor-post-type=\"page\">\n\t\t\t\t\t\t<section class=\"elementor-section elementor-top-section elementor-element elementor-element-547277ee elementor-section-content-middle elementor-section-boxed elementor-section-height-default elementor-section-height-default\" data-id=\"547277ee\" data-element_type=\"section\" data-e-type=\"section\" data-settings=\"{&quot;background_background&quot;:&quot;classic&quot;,&quot;ekit_has_onepagescroll_dot&quot;:&quot;yes&quot;}\">\n\t\t\t\t\t\t\t<div class=\"elementor-background-overlay\"><\/div>\n\t\t\t\t\t\t\t<div class=\"elementor-container elementor-column-gap-default\">\n\t\t\t\t\t<div class=\"elementor-column elementor-col-100 elementor-top-column elementor-element elementor-element-2d652086\" data-id=\"2d652086\" data-element_type=\"column\" data-e-type=\"column\">\n\t\t\t<div class=\"elementor-widget-wrap elementor-element-populated\">\n\t\t\t\t\t\t<div class=\"elementor-element elementor-element-782c067 elementor-widget__width-initial elementor-widget elementor-widget-heading\" data-id=\"782c067\" data-element_type=\"widget\" data-e-type=\"widget\" data-settings=\"{&quot;ekit_we_effect_on&quot;:&quot;none&quot;}\" data-widget_type=\"heading.default\">\n\t\t\t\t<div class=\"elementor-widget-container\">\n\t\t\t\t\t<h1 class=\"elementor-heading-title elementor-size-default\">ESEM na m\u00eddia<\/h1>\t\t\t\t<\/div>\n\t\t\t\t<\/div>\n\t\t\t\t\t<\/div>\n\t\t<\/div>\n\t\t\t\t\t<\/div>\n\t\t<\/section>\n\t\t\t\t<section class=\"elementor-section elementor-top-section elementor-element elementor-element-7ce4c034 elementor-section-boxed elementor-section-height-default elementor-section-height-default\" data-id=\"7ce4c034\" data-element_type=\"section\" data-e-type=\"section\" data-settings=\"{&quot;ekit_has_onepagescroll_dot&quot;:&quot;yes&quot;}\">\n\t\t\t\t\t\t<div class=\"elementor-container elementor-column-gap-default\">\n\t\t\t\t\t<div class=\"elementor-column elementor-col-100 elementor-top-column elementor-element elementor-element-65c82df\" data-id=\"65c82df\" data-element_type=\"column\" data-e-type=\"column\">\n\t\t\t<div class=\"elementor-widget-wrap elementor-element-populated\">\n\t\t\t\t\t\t<section class=\"elementor-section elementor-inner-section elementor-element elementor-element-3e7beec elementor-section-boxed elementor-section-height-default elementor-section-height-default\" data-id=\"3e7beec\" data-element_type=\"section\" data-e-type=\"section\" data-settings=\"{&quot;ekit_has_onepagescroll_dot&quot;:&quot;yes&quot;}\">\n\t\t\t\t\t\t<div class=\"elementor-container elementor-column-gap-default\">\n\t\t\t\t\t<div class=\"elementor-column elementor-col-100 elementor-inner-column elementor-element elementor-element-c78fcce\" data-id=\"c78fcce\" data-element_type=\"column\" data-e-type=\"column\">\n\t\t\t<div class=\"elementor-widget-wrap\">\n\t\t\t\t\t\t\t<\/div>\n\t\t<\/div>\n\t\t\t\t\t<\/div>\n\t\t<\/section>\n\t\t\t\t<section class=\"elementor-section elementor-inner-section elementor-element elementor-element-c094d8f elementor-section-boxed elementor-section-height-default elementor-section-height-default\" data-id=\"c094d8f\" data-element_type=\"section\" data-e-type=\"section\" data-settings=\"{&quot;ekit_has_onepagescroll_dot&quot;:&quot;yes&quot;}\">\n\t\t\t\t\t\t<div class=\"elementor-container elementor-column-gap-default\">\n\t\t\t\t\t<div class=\"elementor-column elementor-col-100 elementor-inner-column elementor-element elementor-element-c5abd2b\" data-id=\"c5abd2b\" data-element_type=\"column\" data-e-type=\"column\">\n\t\t\t<div class=\"elementor-widget-wrap elementor-element-populated\">\n\t\t\t\t\t\t<div class=\"elementor-element elementor-element-04bf7bf elementor-widget elementor-widget-text-editor\" data-id=\"04bf7bf\" data-element_type=\"widget\" data-e-type=\"widget\" data-settings=\"{&quot;ekit_we_effect_on&quot;:&quot;none&quot;}\" data-widget_type=\"text-editor.default\">\n\t\t\t\t<div class=\"elementor-widget-container\">\n\t\t\t\t\t\t\t\t\t<div><p><strong>&#8220;Os obst\u00e1culos no caminho da nova for\u00e7a armada do Rio&#8221; (Jos\u00e9 Vicente da Silva Filho, Veja, 16\/03\/2026)<\/strong><\/p><a href=\"https:\/\/veja.abril.com.br\/brasil\/os-obstaculos-no-caminho-da-nova-forca-armada-do-rio\/\">https:\/\/veja.abril.com.br\/brasil\/os-obstaculos-no-caminho-da-nova-forca-armada-do-rio\/<\/a><br \/><hr \/><\/div><p>\u00a0<\/p><hr \/>\t\t\t\t\t\t\t\t<\/div>\n\t\t\t\t<\/div>\n\t\t\t\t\t<\/div>\n\t\t<\/div>\n\t\t\t\t\t<\/div>\n\t\t<\/section>\n\t\t\t\t\t<\/div>\n\t\t<\/div>\n\t\t\t\t\t<\/div>\n\t\t<\/section>\n\t\t\t\t<\/div>\n\t\t","protected":false},"excerpt":{"rendered":"<p>ESEM na m\u00eddia &#8220;Os obst\u00e1culos no caminho da nova for\u00e7a armada do Rio&#8221; (Jos\u00e9 Vicente da Silva Filho, Veja, 16\/03\/2026) https:\/\/veja.abril.com.br\/brasil\/os-obstaculos-no-caminho-da-nova-forca-armada-do-rio\/ \u00a0<\/p>\n","protected":false},"author":2,"featured_media":0,"parent":0,"menu_order":0,"comment_status":"closed","ping_status":"closed","template":"elementor_header_footer","meta":{"footnotes":""},"class_list":["post-5651","page","type-page","status-publish","hentry"],"yoast_head":"<!-- This site is optimized with the Yoast SEO plugin v27.4 - https:\/\/yoast.com\/product\/yoast-seo-wordpress\/ -->\n<title>ESEM na m\u00eddia - Jos\u00e9 Vicente da Silva Filho - ESEM<\/title>\n<meta name=\"robots\" content=\"index, follow, max-snippet:-1, max-image-preview:large, max-video-preview:-1\" \/>\n<link rel=\"canonical\" href=\"https:\/\/esem.org.br\/pt\/esem-na-midia-jose-vicente-da-silva-filho\/\" \/>\n<meta property=\"og:locale\" content=\"pt_BR\" \/>\n<meta property=\"og:type\" content=\"article\" \/>\n<meta property=\"og:title\" content=\"ESEM na m\u00eddia - Jos\u00e9 Vicente da Silva Filho - ESEM\" \/>\n<meta property=\"og:description\" content=\"ESEM na m\u00eddia &#8220;Os obst\u00e1culos no caminho da nova for\u00e7a armada do Rio&#8221; (Jos\u00e9 Vicente da Silva Filho, Veja, 16\/03\/2026) https:\/\/veja.abril.com.br\/brasil\/os-obstaculos-no-caminho-da-nova-forca-armada-do-rio\/ \u00a0\" \/>\n<meta property=\"og:url\" content=\"https:\/\/esem.org.br\/pt\/esem-na-midia-jose-vicente-da-silva-filho\/\" \/>\n<meta property=\"og:site_name\" content=\"ESEM\" \/>\n<meta property=\"article:modified_time\" content=\"2026-03-23T18:54:03+00:00\" \/>\n<meta name=\"twitter:card\" content=\"summary_large_image\" \/>\n<meta name=\"twitter:label1\" content=\"Est. tempo de leitura\" \/>\n\t<meta name=\"twitter:data1\" content=\"1 minuto\" \/>\n<script type=\"application\/ld+json\" class=\"yoast-schema-graph\">{\"@context\":\"https:\\\/\\\/schema.org\",\"@graph\":[{\"@type\":\"WebPage\",\"@id\":\"https:\\\/\\\/esem.org.br\\\/pt\\\/esem-na-midia-jose-vicente-da-silva-filho\\\/\",\"url\":\"https:\\\/\\\/esem.org.br\\\/pt\\\/esem-na-midia-jose-vicente-da-silva-filho\\\/\",\"name\":\"ESEM na m\u00eddia - Jos\u00e9 Vicente da Silva Filho - ESEM\",\"isPartOf\":{\"@id\":\"https:\\\/\\\/esem.org.br\\\/pt\\\/#website\"},\"datePublished\":\"2026-03-23T18:44:03+00:00\",\"dateModified\":\"2026-03-23T18:54:03+00:00\",\"breadcrumb\":{\"@id\":\"https:\\\/\\\/esem.org.br\\\/pt\\\/esem-na-midia-jose-vicente-da-silva-filho\\\/#breadcrumb\"},\"inLanguage\":\"pt-BR\",\"potentialAction\":[{\"@type\":\"ReadAction\",\"target\":[\"https:\\\/\\\/esem.org.br\\\/pt\\\/esem-na-midia-jose-vicente-da-silva-filho\\\/\"]}]},{\"@type\":\"BreadcrumbList\",\"@id\":\"https:\\\/\\\/esem.org.br\\\/pt\\\/esem-na-midia-jose-vicente-da-silva-filho\\\/#breadcrumb\",\"itemListElement\":[{\"@type\":\"ListItem\",\"position\":1,\"name\":\"In\u00edcio\",\"item\":\"https:\\\/\\\/esem.org.br\\\/\"},{\"@type\":\"ListItem\",\"position\":2,\"name\":\"ESEM na m\u00eddia &#8211; Jos\u00e9 Vicente da Silva Filho\"}]},{\"@type\":\"WebSite\",\"@id\":\"https:\\\/\\\/esem.org.br\\\/pt\\\/#website\",\"url\":\"https:\\\/\\\/esem.org.br\\\/pt\\\/\",\"name\":\"ESEM Escola de Seguran\u00e7a Multidimensional\",\"description\":\"Escola de Seguran\u00e7a Multidimensional\",\"publisher\":{\"@id\":\"https:\\\/\\\/esem.org.br\\\/pt\\\/#organization\"},\"potentialAction\":[{\"@type\":\"SearchAction\",\"target\":{\"@type\":\"EntryPoint\",\"urlTemplate\":\"https:\\\/\\\/esem.org.br\\\/pt\\\/?s={search_term_string}\"},\"query-input\":{\"@type\":\"PropertyValueSpecification\",\"valueRequired\":true,\"valueName\":\"search_term_string\"}}],\"inLanguage\":\"pt-BR\"},{\"@type\":\"Organization\",\"@id\":\"https:\\\/\\\/esem.org.br\\\/pt\\\/#organization\",\"name\":\"ESEM Escola de Seguran\u00e7a Multidimensional\",\"url\":\"https:\\\/\\\/esem.org.br\\\/pt\\\/\",\"logo\":{\"@type\":\"ImageObject\",\"inLanguage\":\"pt-BR\",\"@id\":\"https:\\\/\\\/esem.org.br\\\/pt\\\/#\\\/schema\\\/logo\\\/image\\\/\",\"url\":\"https:\\\/\\\/esem.org.br\\\/wp-content\\\/uploads\\\/2022\\\/09\\\/Copia-de-WhatsApp-Image-2021-05-24-at-17.04.17-e1663853541820.jpeg\",\"contentUrl\":\"https:\\\/\\\/esem.org.br\\\/wp-content\\\/uploads\\\/2022\\\/09\\\/Copia-de-WhatsApp-Image-2021-05-24-at-17.04.17-e1663853541820.jpeg\",\"width\":739,\"height\":966,\"caption\":\"ESEM Escola de Seguran\u00e7a Multidimensional\"},\"image\":{\"@id\":\"https:\\\/\\\/esem.org.br\\\/pt\\\/#\\\/schema\\\/logo\\\/image\\\/\"}}]}<\/script>\n<!-- \/ Yoast SEO plugin. -->","yoast_head_json":{"title":"ESEM na m\u00eddia - Jos\u00e9 Vicente da Silva Filho - ESEM","robots":{"index":"index","follow":"follow","max-snippet":"max-snippet:-1","max-image-preview":"max-image-preview:large","max-video-preview":"max-video-preview:-1"},"canonical":"https:\/\/esem.org.br\/pt\/esem-na-midia-jose-vicente-da-silva-filho\/","og_locale":"pt_BR","og_type":"article","og_title":"ESEM na m\u00eddia - Jos\u00e9 Vicente da Silva Filho - ESEM","og_description":"ESEM na m\u00eddia &#8220;Os obst\u00e1culos no caminho da nova for\u00e7a armada do Rio&#8221; (Jos\u00e9 Vicente da Silva Filho, Veja, 16\/03\/2026) https:\/\/veja.abril.com.br\/brasil\/os-obstaculos-no-caminho-da-nova-forca-armada-do-rio\/ \u00a0","og_url":"https:\/\/esem.org.br\/pt\/esem-na-midia-jose-vicente-da-silva-filho\/","og_site_name":"ESEM","article_modified_time":"2026-03-23T18:54:03+00:00","twitter_card":"summary_large_image","twitter_misc":{"Est. tempo de leitura":"1 minuto"},"schema":{"@context":"https:\/\/schema.org","@graph":[{"@type":"WebPage","@id":"https:\/\/esem.org.br\/pt\/esem-na-midia-jose-vicente-da-silva-filho\/","url":"https:\/\/esem.org.br\/pt\/esem-na-midia-jose-vicente-da-silva-filho\/","name":"ESEM na m\u00eddia - Jos\u00e9 Vicente da Silva Filho - ESEM","isPartOf":{"@id":"https:\/\/esem.org.br\/pt\/#website"},"datePublished":"2026-03-23T18:44:03+00:00","dateModified":"2026-03-23T18:54:03+00:00","breadcrumb":{"@id":"https:\/\/esem.org.br\/pt\/esem-na-midia-jose-vicente-da-silva-filho\/#breadcrumb"},"inLanguage":"pt-BR","potentialAction":[{"@type":"ReadAction","target":["https:\/\/esem.org.br\/pt\/esem-na-midia-jose-vicente-da-silva-filho\/"]}]},{"@type":"BreadcrumbList","@id":"https:\/\/esem.org.br\/pt\/esem-na-midia-jose-vicente-da-silva-filho\/#breadcrumb","itemListElement":[{"@type":"ListItem","position":1,"name":"In\u00edcio","item":"https:\/\/esem.org.br\/"},{"@type":"ListItem","position":2,"name":"ESEM na m\u00eddia &#8211; Jos\u00e9 Vicente da Silva Filho"}]},{"@type":"WebSite","@id":"https:\/\/esem.org.br\/pt\/#website","url":"https:\/\/esem.org.br\/pt\/","name":"ESEM Escola de Seguran\u00e7a Multidimensional","description":"Escola de Seguran\u00e7a Multidimensional","publisher":{"@id":"https:\/\/esem.org.br\/pt\/#organization"},"potentialAction":[{"@type":"SearchAction","target":{"@type":"EntryPoint","urlTemplate":"https:\/\/esem.org.br\/pt\/?s={search_term_string}"},"query-input":{"@type":"PropertyValueSpecification","valueRequired":true,"valueName":"search_term_string"}}],"inLanguage":"pt-BR"},{"@type":"Organization","@id":"https:\/\/esem.org.br\/pt\/#organization","name":"ESEM Escola de Seguran\u00e7a Multidimensional","url":"https:\/\/esem.org.br\/pt\/","logo":{"@type":"ImageObject","inLanguage":"pt-BR","@id":"https:\/\/esem.org.br\/pt\/#\/schema\/logo\/image\/","url":"https:\/\/esem.org.br\/wp-content\/uploads\/2022\/09\/Copia-de-WhatsApp-Image-2021-05-24-at-17.04.17-e1663853541820.jpeg","contentUrl":"https:\/\/esem.org.br\/wp-content\/uploads\/2022\/09\/Copia-de-WhatsApp-Image-2021-05-24-at-17.04.17-e1663853541820.jpeg","width":739,"height":966,"caption":"ESEM Escola de Seguran\u00e7a Multidimensional"},"image":{"@id":"https:\/\/esem.org.br\/pt\/#\/schema\/logo\/image\/"}}]}},"_links":{"self":[{"href":"https:\/\/esem.org.br\/pt\/wp-json\/wp\/v2\/pages\/5651","targetHints":{"allow":["GET"]}}],"collection":[{"href":"https:\/\/esem.org.br\/pt\/wp-json\/wp\/v2\/pages"}],"about":[{"href":"https:\/\/esem.org.br\/pt\/wp-json\/wp\/v2\/types\/page"}],"author":[{"embeddable":true,"href":"https:\/\/esem.org.br\/pt\/wp-json\/wp\/v2\/users\/2"}],"replies":[{"embeddable":true,"href":"https:\/\/esem.org.br\/pt\/wp-json\/wp\/v2\/comments?post=5651"}],"version-history":[{"count":4,"href":"https:\/\/esem.org.br\/pt\/wp-json\/wp\/v2\/pages\/5651\/revisions"}],"predecessor-version":[{"id":5676,"href":"https:\/\/esem.org.br\/pt\/wp-json\/wp\/v2\/pages\/5651\/revisions\/5676"}],"wp:attachment":[{"href":"https:\/\/esem.org.br\/pt\/wp-json\/wp\/v2\/media?parent=5651"}],"curies":[{"name":"wp","href":"https:\/\/api.w.org\/{rel}","templated":true}]}}